{"id":1086,"date":"2023-10-04T22:56:33","date_gmt":"2023-10-04T20:56:33","guid":{"rendered":"https:\/\/wydiane-khaoua.com\/?page_id=1086"},"modified":"2023-10-04T23:01:08","modified_gmt":"2023-10-04T21:01:08","slug":"politique-en-matiere-de-remboursements","status":"publish","type":"page","link":"https:\/\/wydiane-khaoua.com\/index.php\/politique-en-matiere-de-remboursements\/","title":{"rendered":"Politique en mati\u00e8re de remboursements"},"content":{"rendered":"\t\t<div data-elementor-type=\"wp-page\" data-elementor-id=\"1086\" class=\"elementor elementor-1086\" data-elementor-post-type=\"page\">\n\t\t\t\t\t\t<section class=\"elementor-section elementor-top-section elementor-element elementor-element-380702b3 elementor-section-boxed elementor-section-height-default elementor-section-height-default\" data-id=\"380702b3\" data-element_type=\"section\" data-e-type=\"section\">\n\t\t\t\t\t\t<div class=\"elementor-container elementor-column-gap-default\">\n\t\t\t\t\t<div class=\"elementor-column elementor-col-100 elementor-top-column elementor-element elementor-element-13becef1\" data-id=\"13becef1\" data-element_type=\"column\" data-e-type=\"column\">\n\t\t\t<div class=\"elementor-widget-wrap elementor-element-populated\">\n\t\t\t\t\t\t<div class=\"elementor-element elementor-element-5cca6c8 elementor-widget elementor-widget-text-editor\" data-id=\"5cca6c8\" data-element_type=\"widget\" data-e-type=\"widget\" data-widget_type=\"text-editor.default\">\n\t\t\t\t<div class=\"elementor-widget-container\">\n\t\t\t\t\t\t\t\t\t<p><\/p>\n<h2>Vue d&#8217;ensemble<\/h2>\n<p><\/p>\n<p><\/p>\n<p><span style=\"color: var( --e-global-color-text ); font-family: var( --e-global-typography-text-font-family ), Sans-serif; font-size: var( --e-global-typography-text-font-size ); font-weight: var( --e-global-typography-text-font-weight );\">Voir les CGV.<\/span><\/p>\n<p><span style=\"color: var( --e-global-color-primary ); font-family: var( --e-global-typography-secondary-font-family ), Sans-serif; font-size: 2rem; font-weight: var( --e-global-typography-secondary-font-weight );\">Impr\u00e9vu ou changement d&#8217;avis<\/span><\/p>\n<p><span style=\"color: var( --e-global-color-text ); font-family: var( --e-global-typography-text-font-family ), Sans-serif; font-size: var( --e-global-typography-text-font-size ); font-weight: var( --e-global-typography-text-font-weight );\">En cas de probl\u00e8me, des bons d&#8217;achats ou avoirs peuvent \u00eatre mis en place. En cas de changement d&#8217;avis entre le moment de la commande et le RDV, et dans le cadre de l&#8217;application du droit de r\u00e9tractation du consommateur (vous avez le droit de changer d\u2019avis pendant 14 jours), des remboursements peuvent \u00eatre accord\u00e9s. Voir les CGV pour toute information l\u00e9gale.<\/span><\/p>\n<p><\/p>\n<p><\/p>\n<h2>Remboursements<\/h2>\n<p><\/p>\n<p><\/p>\n<p><span style=\"color: var( --e-global-color-text ); font-family: var( --e-global-typography-text-font-family ), Sans-serif; font-size: var( --e-global-typography-text-font-size ); font-weight: var( --e-global-typography-text-font-weight );\">Voir les CGV pour toute information l\u00e9gale. <\/span>Si votre demande est accept\u00e9e, votre remboursement sera trait\u00e9 et un cr\u00e9dit sera automatiquement appliqu\u00e9 \u00e0 votre carte de cr\u00e9dit ou \u00e0 votre mode de paiement initial, dans un d\u00e9lai de quelques jours.<\/p>\n<p><\/p>\n<p><br \/><b>Remboursements tardifs ou manquants<\/b><br \/><\/p>\n<p><\/p>\n<p>Si vous n&#8217;avez pas encore re\u00e7u de remboursement, v\u00e9rifiez d&#8217;abord votre compte bancaire.<\/p>\n<p>Contactez ensuite la soci\u00e9t\u00e9 \u00e9mettrice de votre carte de cr\u00e9dit, car il peut s&#8217;\u00e9couler un certain temps avant que votre remboursement ne soit officiellement comptabilis\u00e9.<\/p>\n<p>Contactez ensuite votre banque. Il y a souvent un d\u00e9lai de traitement avant que le remboursement ne soit comptabilis\u00e9.<\/p>\n<p>Si vous avez fait tout cela et que vous n&#8217;avez toujours pas re\u00e7u votre remboursement, veuillez me contacter \u00e0 hello@wydiane.com\u00a0<\/p>\n<p><\/p>\n<p><\/p>\n<p><\/p>\n<p><\/p>\n<p><\/p>\n<p><\/p>\n<h2>Cadeaux<\/h2>\n<p><\/p>\n<p><\/p>\n<p><span style=\"color: var( --e-global-color-text ); font-family: var( --e-global-typography-text-font-family ), Sans-serif; font-size: var( --e-global-typography-text-font-size ); font-weight: var( --e-global-typography-text-font-weight );\">Voir les CGV pour toute information l\u00e9gale. <\/span>Si l&#8217;article a \u00e9t\u00e9 marqu\u00e9 comme cadeau lors de l&#8217;achat et en cas d\u2019approbation du remboursement, vous recevrez un cr\u00e9dit cadeau correspondant \u00e0 la valeur de votre retour. D\u00e8s r\u00e9ception de l&#8217;article retourn\u00e9, un bon d&#8217;achat vous sera envoy\u00e9 par email.<\/p>\n<p><\/p>\n<p><\/p>\n<p><\/p>\n<p><\/p>\n<h2>Besoin d&#8217;aide?<\/h2>\n<p><\/p>\n<p><\/p>\n<p>Contactez-moi \u00e0 hello@wydiane.com pour toute question relative aux remboursements et aux retours<\/p>\n<p><\/p>\t\t\t\t\t\t\t\t<\/div>\n\t\t\t\t<\/div>\n\t\t\t\t\t<\/div>\n\t\t<\/div>\n\t\t\t\t\t<\/div>\n\t\t<\/section>\n\t\t\t\t<\/div>\n\t\t","protected":false},"excerpt":{"rendered":"<p>Vue d&#8217;ensemble Voir les CGV. Impr\u00e9vu ou changement d&#8217;avis En cas de probl\u00e8me, des bons d&#8217;achats ou avoirs peuvent \u00eatre mis en place. En cas de changement d&#8217;avis entre le moment de la commande et le RDV, et dans le cadre de l&#8217;application du droit de r\u00e9tractation du consommateur (vous avez le droit de changer [&hellip;]<\/p>\n","protected":false},"author":1,"featured_media":0,"parent":0,"menu_order":0,"comment_status":"closed","ping_status":"closed","template":"","meta":{"_monsterinsights_skip_tracking":false,"_monsterinsights_sitenote_active":false,"_monsterinsights_sitenote_note":"","_monsterinsights_sitenote_category":0,"footnotes":""},"class_list":["post-1086","page","type-page","status-publish","hentry"],"yoast_head":"<!-- This site is optimized with the Yoast SEO plugin v27.4 - https:\/\/yoast.com\/product\/yoast-seo-wordpress\/ -->\n<title>Politique en mati\u00e8re de remboursements - wydiane-khaoua.com<\/title>\n<meta name=\"robots\" content=\"index, follow, max-snippet:-1, max-image-preview:large, max-video-preview:-1\" \/>\n<link rel=\"canonical\" href=\"https:\/\/wydiane-khaoua.com\/index.php\/politique-en-matiere-de-remboursements\/\" \/>\n<meta property=\"og:locale\" content=\"fr_FR\" \/>\n<meta property=\"og:type\" content=\"article\" \/>\n<meta property=\"og:title\" content=\"Politique en mati\u00e8re de remboursements - wydiane-khaoua.com\" \/>\n<meta property=\"og:description\" content=\"Vue d&#8217;ensemble Voir les CGV. Impr\u00e9vu ou changement d&#8217;avis En cas de probl\u00e8me, des bons d&#8217;achats ou avoirs peuvent \u00eatre mis en place. En cas de changement d&#8217;avis entre le moment de la commande et le RDV, et dans le cadre de l&#8217;application du droit de r\u00e9tractation du consommateur (vous avez le droit de changer [&hellip;]\" \/>\n<meta property=\"og:url\" content=\"https:\/\/wydiane-khaoua.com\/index.php\/politique-en-matiere-de-remboursements\/\" \/>\n<meta property=\"og:site_name\" content=\"wydiane-khaoua.com\" \/>\n<meta property=\"article:modified_time\" content=\"2023-10-04T21:01:08+00:00\" \/>\n<meta name=\"twitter:card\" content=\"summary_large_image\" \/>\n<meta name=\"twitter:label1\" content=\"Dur\u00e9e de lecture estim\u00e9e\" \/>\n\t<meta name=\"twitter:data1\" content=\"2 minutes\" \/>\n<script type=\"application\/ld+json\" class=\"yoast-schema-graph\">{\"@context\":\"https:\\\/\\\/schema.org\",\"@graph\":[{\"@type\":\"WebPage\",\"@id\":\"https:\\\/\\\/wydiane-khaoua.com\\\/index.php\\\/politique-en-matiere-de-remboursements\\\/\",\"url\":\"https:\\\/\\\/wydiane-khaoua.com\\\/index.php\\\/politique-en-matiere-de-remboursements\\\/\",\"name\":\"Politique en mati\u00e8re de remboursements - wydiane-khaoua.com\",\"isPartOf\":{\"@id\":\"https:\\\/\\\/wydiane-khaoua.com\\\/#website\"},\"datePublished\":\"2023-10-04T20:56:33+00:00\",\"dateModified\":\"2023-10-04T21:01:08+00:00\",\"breadcrumb\":{\"@id\":\"https:\\\/\\\/wydiane-khaoua.com\\\/index.php\\\/politique-en-matiere-de-remboursements\\\/#breadcrumb\"},\"inLanguage\":\"fr-FR\",\"potentialAction\":[{\"@type\":\"ReadAction\",\"target\":[\"https:\\\/\\\/wydiane-khaoua.com\\\/index.php\\\/politique-en-matiere-de-remboursements\\\/\"]}]},{\"@type\":\"BreadcrumbList\",\"@id\":\"https:\\\/\\\/wydiane-khaoua.com\\\/index.php\\\/politique-en-matiere-de-remboursements\\\/#breadcrumb\",\"itemListElement\":[{\"@type\":\"ListItem\",\"position\":1,\"name\":\"Accueil\",\"item\":\"https:\\\/\\\/wydiane-khaoua.com\\\/\"},{\"@type\":\"ListItem\",\"position\":2,\"name\":\"Politique en mati\u00e8re de remboursements\"}]},{\"@type\":\"WebSite\",\"@id\":\"https:\\\/\\\/wydiane-khaoua.com\\\/#website\",\"url\":\"https:\\\/\\\/wydiane-khaoua.com\\\/\",\"name\":\"wydiane-khaoua.com\",\"description\":\"\",\"publisher\":{\"@id\":\"https:\\\/\\\/wydiane-khaoua.com\\\/#organization\"},\"potentialAction\":[{\"@type\":\"SearchAction\",\"target\":{\"@type\":\"EntryPoint\",\"urlTemplate\":\"https:\\\/\\\/wydiane-khaoua.com\\\/?s={search_term_string}\"},\"query-input\":{\"@type\":\"PropertyValueSpecification\",\"valueRequired\":true,\"valueName\":\"search_term_string\"}}],\"inLanguage\":\"fr-FR\"},{\"@type\":\"Organization\",\"@id\":\"https:\\\/\\\/wydiane-khaoua.com\\\/#organization\",\"name\":\"wydiane-khaoua.com\",\"url\":\"https:\\\/\\\/wydiane-khaoua.com\\\/\",\"logo\":{\"@type\":\"ImageObject\",\"inLanguage\":\"fr-FR\",\"@id\":\"https:\\\/\\\/wydiane-khaoua.com\\\/#\\\/schema\\\/logo\\\/image\\\/\",\"url\":\"https:\\\/\\\/wydiane-khaoua.com\\\/wp-content\\\/uploads\\\/2023\\\/09\\\/wydiane-khaoua-favicon.png\",\"contentUrl\":\"https:\\\/\\\/wydiane-khaoua.com\\\/wp-content\\\/uploads\\\/2023\\\/09\\\/wydiane-khaoua-favicon.png\",\"width\":256,\"height\":256,\"caption\":\"wydiane-khaoua.com\"},\"image\":{\"@id\":\"https:\\\/\\\/wydiane-khaoua.com\\\/#\\\/schema\\\/logo\\\/image\\\/\"}}]}<\/script>\n<!-- \/ Yoast SEO plugin. -->","yoast_head_json":{"title":"Politique en mati\u00e8re de remboursements - wydiane-khaoua.com","robots":{"index":"index","follow":"follow","max-snippet":"max-snippet:-1","max-image-preview":"max-image-preview:large","max-video-preview":"max-video-preview:-1"},"canonical":"https:\/\/wydiane-khaoua.com\/index.php\/politique-en-matiere-de-remboursements\/","og_locale":"fr_FR","og_type":"article","og_title":"Politique en mati\u00e8re de remboursements - wydiane-khaoua.com","og_description":"Vue d&#8217;ensemble Voir les CGV. Impr\u00e9vu ou changement d&#8217;avis En cas de probl\u00e8me, des bons d&#8217;achats ou avoirs peuvent \u00eatre mis en place. En cas de changement d&#8217;avis entre le moment de la commande et le RDV, et dans le cadre de l&#8217;application du droit de r\u00e9tractation du consommateur (vous avez le droit de changer [&hellip;]","og_url":"https:\/\/wydiane-khaoua.com\/index.php\/politique-en-matiere-de-remboursements\/","og_site_name":"wydiane-khaoua.com","article_modified_time":"2023-10-04T21:01:08+00:00","twitter_card":"summary_large_image","twitter_misc":{"Dur\u00e9e de lecture estim\u00e9e":"2 minutes"},"schema":{"@context":"https:\/\/schema.org","@graph":[{"@type":"WebPage","@id":"https:\/\/wydiane-khaoua.com\/index.php\/politique-en-matiere-de-remboursements\/","url":"https:\/\/wydiane-khaoua.com\/index.php\/politique-en-matiere-de-remboursements\/","name":"Politique en mati\u00e8re de remboursements - wydiane-khaoua.com","isPartOf":{"@id":"https:\/\/wydiane-khaoua.com\/#website"},"datePublished":"2023-10-04T20:56:33+00:00","dateModified":"2023-10-04T21:01:08+00:00","breadcrumb":{"@id":"https:\/\/wydiane-khaoua.com\/index.php\/politique-en-matiere-de-remboursements\/#breadcrumb"},"inLanguage":"fr-FR","potentialAction":[{"@type":"ReadAction","target":["https:\/\/wydiane-khaoua.com\/index.php\/politique-en-matiere-de-remboursements\/"]}]},{"@type":"BreadcrumbList","@id":"https:\/\/wydiane-khaoua.com\/index.php\/politique-en-matiere-de-remboursements\/#breadcrumb","itemListElement":[{"@type":"ListItem","position":1,"name":"Accueil","item":"https:\/\/wydiane-khaoua.com\/"},{"@type":"ListItem","position":2,"name":"Politique en mati\u00e8re de remboursements"}]},{"@type":"WebSite","@id":"https:\/\/wydiane-khaoua.com\/#website","url":"https:\/\/wydiane-khaoua.com\/","name":"wydiane-khaoua.com","description":"","publisher":{"@id":"https:\/\/wydiane-khaoua.com\/#organization"},"potentialAction":[{"@type":"SearchAction","target":{"@type":"EntryPoint","urlTemplate":"https:\/\/wydiane-khaoua.com\/?s={search_term_string}"},"query-input":{"@type":"PropertyValueSpecification","valueRequired":true,"valueName":"search_term_string"}}],"inLanguage":"fr-FR"},{"@type":"Organization","@id":"https:\/\/wydiane-khaoua.com\/#organization","name":"wydiane-khaoua.com","url":"https:\/\/wydiane-khaoua.com\/","logo":{"@type":"ImageObject","inLanguage":"fr-FR","@id":"https:\/\/wydiane-khaoua.com\/#\/schema\/logo\/image\/","url":"https:\/\/wydiane-khaoua.com\/wp-content\/uploads\/2023\/09\/wydiane-khaoua-favicon.png","contentUrl":"https:\/\/wydiane-khaoua.com\/wp-content\/uploads\/2023\/09\/wydiane-khaoua-favicon.png","width":256,"height":256,"caption":"wydiane-khaoua.com"},"image":{"@id":"https:\/\/wydiane-khaoua.com\/#\/schema\/logo\/image\/"}}]}},"_links":{"self":[{"href":"https:\/\/wydiane-khaoua.com\/index.php\/wp-json\/wp\/v2\/pages\/1086","targetHints":{"allow":["GET"]}}],"collection":[{"href":"https:\/\/wydiane-khaoua.com\/index.php\/wp-json\/wp\/v2\/pages"}],"about":[{"href":"https:\/\/wydiane-khaoua.com\/index.php\/wp-json\/wp\/v2\/types\/page"}],"author":[{"embeddable":true,"href":"https:\/\/wydiane-khaoua.com\/index.php\/wp-json\/wp\/v2\/users\/1"}],"replies":[{"embeddable":true,"href":"https:\/\/wydiane-khaoua.com\/index.php\/wp-json\/wp\/v2\/comments?post=1086"}],"version-history":[{"count":3,"href":"https:\/\/wydiane-khaoua.com\/index.php\/wp-json\/wp\/v2\/pages\/1086\/revisions"}],"predecessor-version":[{"id":1090,"href":"https:\/\/wydiane-khaoua.com\/index.php\/wp-json\/wp\/v2\/pages\/1086\/revisions\/1090"}],"wp:attachment":[{"href":"https:\/\/wydiane-khaoua.com\/index.php\/wp-json\/wp\/v2\/media?parent=1086"}],"curies":[{"name":"wp","href":"https:\/\/api.w.org\/{rel}","templated":true}]}}