{"id":5733,"date":"2026-01-12T21:51:34","date_gmt":"2026-01-12T20:51:34","guid":{"rendered":"https:\/\/wydiane-khaoua.com\/?page_id=5733"},"modified":"2026-01-14T21:03:00","modified_gmt":"2026-01-14T20:03:00","slug":"cadeau-guide-astro-pierres","status":"publish","type":"page","link":"https:\/\/wydiane-khaoua.com\/index.php\/cadeau-guide-astro-pierres\/","title":{"rendered":"cadeau guide astro pierres"},"content":{"rendered":"\t\t<div data-elementor-type=\"wp-page\" data-elementor-id=\"5733\" class=\"elementor elementor-5733\" data-elementor-post-type=\"page\">\n\t\t\t\t\t\t<section class=\"elementor-section elementor-top-section elementor-element elementor-element-1aeb3191 elementor-section-full_width elementor-section-height-min-height elementor-section-items-stretch elementor-section-height-default\" data-id=\"1aeb3191\" data-element_type=\"section\" data-e-type=\"section\" data-settings=\"{&quot;background_background&quot;:&quot;classic&quot;}\">\n\t\t\t\t\t\t<div class=\"elementor-container elementor-column-gap-default\">\n\t\t\t\t\t<div class=\"elementor-column elementor-col-25 elementor-top-column elementor-element elementor-element-21a5151c\" data-id=\"21a5151c\" data-element_type=\"column\" data-e-type=\"column\" data-settings=\"{&quot;background_background&quot;:&quot;classic&quot;}\">\n\t\t\t<div class=\"elementor-widget-wrap elementor-element-populated\">\n\t\t\t\t\t\t<div class=\"elementor-element elementor-element-3538d72d elementor-widget elementor-widget-spacer\" data-id=\"3538d72d\" data-element_type=\"widget\" data-e-type=\"widget\" data-widget_type=\"spacer.default\">\n\t\t\t\t<div class=\"elementor-widget-container\">\n\t\t\t\t\t\t\t<div class=\"elementor-spacer\">\n\t\t\t<div class=\"elementor-spacer-inner\"><\/div>\n\t\t<\/div>\n\t\t\t\t\t\t<\/div>\n\t\t\t\t<\/div>\n\t\t\t\t\t<\/div>\n\t\t<\/div>\n\t\t\t\t<div class=\"elementor-column elementor-col-25 elementor-top-column elementor-element elementor-element-67f7db5a\" data-id=\"67f7db5a\" data-element_type=\"column\" data-e-type=\"column\">\n\t\t\t<div class=\"elementor-widget-wrap elementor-element-populated\">\n\t\t\t\t\t\t<div class=\"elementor-element elementor-element-78bee02b elementor-invisible elementor-widget elementor-widget-image\" data-id=\"78bee02b\" data-element_type=\"widget\" data-e-type=\"widget\" data-settings=\"{&quot;_animation&quot;:&quot;fadeIn&quot;}\" data-widget_type=\"image.default\">\n\t\t\t\t<div class=\"elementor-widget-container\">\n\t\t\t\t\t\t\t\t\t\t\t\t\t\t\t<img fetchpriority=\"high\" decoding=\"async\" width=\"768\" height=\"513\" src=\"https:\/\/wydiane-khaoua.com\/wp-content\/uploads\/2023\/10\/cadeau-original-1-768x513.jpg\" class=\"attachment-medium_large size-medium_large wp-image-1199\" alt=\"d\u00e9veloppement personnel, th\u00e9rapeute paris, wydiane khaoua, astrologie, lithoth\u00e9rapie\" srcset=\"https:\/\/wydiane-khaoua.com\/wp-content\/uploads\/2023\/10\/cadeau-original-1-768x513.jpg 768w, https:\/\/wydiane-khaoua.com\/wp-content\/uploads\/2023\/10\/cadeau-original-1-300x200.jpg 300w, https:\/\/wydiane-khaoua.com\/wp-content\/uploads\/2023\/10\/cadeau-original-1-1024x684.jpg 1024w, https:\/\/wydiane-khaoua.com\/wp-content\/uploads\/2023\/10\/cadeau-original-1-1536x1025.jpg 1536w, https:\/\/wydiane-khaoua.com\/wp-content\/uploads\/2023\/10\/cadeau-original-1-2048x1367.jpg 2048w, https:\/\/wydiane-khaoua.com\/wp-content\/uploads\/2023\/10\/cadeau-original-1-700x467.jpg 700w\" sizes=\"(max-width: 768px) 100vw, 768px\" \/>\t\t\t\t\t\t\t\t\t\t\t\t\t\t\t<\/div>\n\t\t\t\t<\/div>\n\t\t\t\t\t<\/div>\n\t\t<\/div>\n\t\t\t\t<div class=\"elementor-column elementor-col-25 elementor-top-column elementor-element elementor-element-62a387f5\" data-id=\"62a387f5\" data-element_type=\"column\" data-e-type=\"column\">\n\t\t\t<div class=\"elementor-widget-wrap elementor-element-populated\">\n\t\t\t\t\t\t<div class=\"elementor-element elementor-element-23b1a50 elementor-widget__width-initial elementor-widget elementor-widget-heading\" data-id=\"23b1a50\" data-element_type=\"widget\" data-e-type=\"widget\" data-widget_type=\"heading.default\">\n\t\t\t\t<div class=\"elementor-widget-container\">\n\t\t\t\t\t<h1 class=\"elementor-heading-title elementor-size-default\">Mon cadeau <\/h1>\t\t\t\t<\/div>\n\t\t\t\t<\/div>\n\t\t\t\t<div class=\"elementor-element elementor-element-687dd0a6 elementor-widget__width-initial elementor-widget elementor-widget-heading\" data-id=\"687dd0a6\" data-element_type=\"widget\" data-e-type=\"widget\" data-widget_type=\"heading.default\">\n\t\t\t\t<div class=\"elementor-widget-container\">\n\t\t\t\t\t<h2 class=\"elementor-heading-title elementor-size-default\">Remplissez le formulaire ET RECEVEZ votre GUIDE PRATIQUE ASTROLOGIE &amp; PIERRES!<\/h2>\t\t\t\t<\/div>\n\t\t\t\t<\/div>\n\t\t\t\t<div class=\"elementor-element elementor-element-6866cf20 elementor-widget__width-initial elementor-widget elementor-widget-text-editor\" data-id=\"6866cf20\" data-element_type=\"widget\" data-e-type=\"widget\" data-widget_type=\"text-editor.default\">\n\t\t\t\t<div class=\"elementor-widget-container\">\n\t\t\t\t\t\t\t\t\t<p><span class=\"a_GcMg font-feature-liga-off font-feature-clig-off font-feature-calt-off text-decoration-none text-strikethrough-none\">Le lien entre les pierres et les signes du zodiaque est source de curiosit\u00e9, car on parle de langages tr\u00e8s compl\u00e9mentaires: l\u2019un profond\u00e9ment reli\u00e9 au cosmos, et l\u2019autre profond\u00e9ment reli\u00e9 \u00e0 la terre! D\u00e9couvrez les 5 pierres associ\u00e9es \u00e0 chaque signe astrologique ainsi qu&#8217;un m\u00e9mo sur leur personnalit\u00e9.<\/span><\/p>\t\t\t\t\t\t\t\t<\/div>\n\t\t\t\t<\/div>\n\t\t\t\t<div class=\"elementor-element elementor-element-3b04241a elementor-align-left elementor-mobile-align-center elementor-invisible elementor-widget elementor-widget-button\" data-id=\"3b04241a\" data-element_type=\"widget\" data-e-type=\"widget\" data-settings=\"{&quot;_animation&quot;:&quot;fadeInDown&quot;,&quot;_animation_mobile&quot;:&quot;none&quot;}\" data-widget_type=\"button.default\">\n\t\t\t\t<div class=\"elementor-widget-container\">\n\t\t\t\t\t\t\t\t\t<div class=\"elementor-button-wrapper\">\n\t\t\t\t\t<a class=\"elementor-button elementor-button-link elementor-size-sm\" href=\"#start\">\n\t\t\t\t\t\t<span class=\"elementor-button-content-wrapper\">\n\t\t\t\t\t\t<span class=\"elementor-button-icon\">\n\t\t\t\t<i aria-hidden=\"true\" class=\"fas fa-arrow-down\"><\/i>\t\t\t<\/span>\n\t\t\t\t\t\t\t\t\t<span class=\"elementor-button-text\">recevez votre guide<\/span>\n\t\t\t\t\t<\/span>\n\t\t\t\t\t<\/a>\n\t\t\t\t<\/div>\n\t\t\t\t\t\t\t\t<\/div>\n\t\t\t\t<\/div>\n\t\t\t\t<div class=\"elementor-element elementor-element-473e0228 elementor-widget elementor-widget-spacer\" data-id=\"473e0228\" data-element_type=\"widget\" data-e-type=\"widget\" data-widget_type=\"spacer.default\">\n\t\t\t\t<div class=\"elementor-widget-container\">\n\t\t\t\t\t\t\t<div class=\"elementor-spacer\">\n\t\t\t<div class=\"elementor-spacer-inner\"><\/div>\n\t\t<\/div>\n\t\t\t\t\t\t<\/div>\n\t\t\t\t<\/div>\n\t\t\t\t\t<\/div>\n\t\t<\/div>\n\t\t\t\t<div class=\"elementor-column elementor-col-25 elementor-top-column elementor-element elementor-element-4d320a7e elementor-hidden-tablet elementor-hidden-phone\" data-id=\"4d320a7e\" data-element_type=\"column\" data-e-type=\"column\">\n\t\t\t<div class=\"elementor-widget-wrap\">\n\t\t\t\t\t\t\t<\/div>\n\t\t<\/div>\n\t\t\t\t\t<\/div>\n\t\t<\/section>\n\t\t\t\t<section class=\"elementor-section elementor-top-section elementor-element elementor-element-14ed260 elementor-reverse-mobile elementor-section-boxed elementor-section-height-default elementor-section-height-default\" data-id=\"14ed260\" data-element_type=\"section\" data-e-type=\"section\" data-settings=\"{&quot;background_background&quot;:&quot;classic&quot;}\">\n\t\t\t\t\t\t\t<div class=\"elementor-background-overlay\"><\/div>\n\t\t\t\t\t\t\t<div class=\"elementor-container elementor-column-gap-default\">\n\t\t\t\t\t<div class=\"elementor-column elementor-col-100 elementor-top-column elementor-element elementor-element-e5e6778\" data-id=\"e5e6778\" data-element_type=\"column\" data-e-type=\"column\">\n\t\t\t<div class=\"elementor-widget-wrap elementor-element-populated\">\n\t\t\t\t\t\t<div class=\"elementor-element elementor-element-15487fc elementor-widget elementor-widget-spacer\" data-id=\"15487fc\" data-element_type=\"widget\" data-e-type=\"widget\" data-widget_type=\"spacer.default\">\n\t\t\t\t<div class=\"elementor-widget-container\">\n\t\t\t\t\t\t\t<div class=\"elementor-spacer\">\n\t\t\t<div class=\"elementor-spacer-inner\"><\/div>\n\t\t<\/div>\n\t\t\t\t\t\t<\/div>\n\t\t\t\t<\/div>\n\t\t\t\t<div class=\"elementor-element elementor-element-a91174b elementor-widget elementor-widget-heading\" data-id=\"a91174b\" data-element_type=\"widget\" data-e-type=\"widget\" data-widget_type=\"heading.default\">\n\t\t\t\t<div class=\"elementor-widget-container\">\n\t\t\t\t\t<p class=\"elementor-heading-title elementor-size-default\">La rencontre entre l'astrologie et la lithoth\u00e9rapie!<\/p>\t\t\t\t<\/div>\n\t\t\t\t<\/div>\n\t\t\t\t<div class=\"elementor-element elementor-element-c72776f elementor-widget elementor-widget-text-editor\" data-id=\"c72776f\" data-element_type=\"widget\" data-e-type=\"widget\" data-widget_type=\"text-editor.default\">\n\t\t\t\t<div class=\"elementor-widget-container\">\n\t\t\t\t\t\t\t\t\t<p>D\u00e9couvrez aussi dans ce guide en quoi consistent les pierres de naissance. Elles symbolisent et traduisent votre personnalit\u00e9, vos challenges et vos potentiels! Cette combinaison unique de 13 pierres pour chacun d\u00e9voile des cl\u00e9s sur votre profil int\u00e9rieur et votre nature profonde.<\/p>\t\t\t\t\t\t\t\t<\/div>\n\t\t\t\t<\/div>\n\t\t\t\t\t<\/div>\n\t\t<\/div>\n\t\t\t\t\t<\/div>\n\t\t<\/section>\n\t\t\t\t<section class=\"elementor-section elementor-top-section elementor-element elementor-element-25a32577 elementor-section-boxed elementor-section-height-default elementor-section-height-default\" data-id=\"25a32577\" data-element_type=\"section\" data-e-type=\"section\" data-settings=\"{&quot;background_background&quot;:&quot;classic&quot;}\">\n\t\t\t\t\t\t\t<div class=\"elementor-background-overlay\"><\/div>\n\t\t\t\t\t\t\t<div class=\"elementor-container elementor-column-gap-default\">\n\t\t\t\t\t<div class=\"elementor-column elementor-col-100 elementor-top-column elementor-element elementor-element-1fb58d09\" data-id=\"1fb58d09\" data-element_type=\"column\" data-e-type=\"column\">\n\t\t\t<div class=\"elementor-widget-wrap elementor-element-populated\">\n\t\t\t\t\t\t<div class=\"elementor-element elementor-element-2ccbb5f0 elementor-widget elementor-widget-menu-anchor\" data-id=\"2ccbb5f0\" data-element_type=\"widget\" data-e-type=\"widget\" data-widget_type=\"menu-anchor.default\">\n\t\t\t\t<div class=\"elementor-widget-container\">\n\t\t\t\t\t\t\t<div class=\"elementor-menu-anchor\" id=\"start\"><\/div>\n\t\t\t\t\t\t<\/div>\n\t\t\t\t<\/div>\n\t\t\t\t\t<\/div>\n\t\t<\/div>\n\t\t\t\t\t<\/div>\n\t\t<\/section>\n\t\t\t\t<section class=\"elementor-section elementor-top-section elementor-element elementor-element-e0da1b7 elementor-section-boxed elementor-section-height-default elementor-section-height-default\" data-id=\"e0da1b7\" data-element_type=\"section\" data-e-type=\"section\">\n\t\t\t\t\t\t<div class=\"elementor-container elementor-column-gap-default\">\n\t\t\t\t\t<div class=\"elementor-column elementor-col-100 elementor-top-column elementor-element elementor-element-1bd4fec\" data-id=\"1bd4fec\" data-element_type=\"column\" data-e-type=\"column\">\n\t\t\t<div class=\"elementor-widget-wrap elementor-element-populated\">\n\t\t\t\t\t\t<div class=\"elementor-element elementor-element-202e4bb elementor-widget elementor-widget-html\" data-id=\"202e4bb\" data-element_type=\"widget\" data-e-type=\"widget\" data-widget_type=\"html.default\">\n\t\t\t\t<div class=\"elementor-widget-container\">\n\t\t\t\t\t<script id=\"form-script-tag-22315273\" src=\"https:\/\/go.wydiane-khaoua.com\/public\/remote\/page\/368937306cdfd48b01b050d2599dc53800fbc8d7.js\"><\/script>\t\t\t\t<\/div>\n\t\t\t\t<\/div>\n\t\t\t\t\t<\/div>\n\t\t<\/div>\n\t\t\t\t\t<\/div>\n\t\t<\/section>\n\t\t\t\t<\/div>\n\t\t","protected":false},"excerpt":{"rendered":"<p>Mon cadeau Remplissez le formulaire ET RECEVEZ votre GUIDE PRATIQUE ASTROLOGIE &amp; PIERRES! Le lien entre les pierres et les signes du zodiaque est source de curiosit\u00e9, car on parle de langages tr\u00e8s compl\u00e9mentaires: l\u2019un profond\u00e9ment reli\u00e9 au cosmos, et l\u2019autre profond\u00e9ment reli\u00e9 \u00e0 la terre! D\u00e9couvrez les 5 pierres associ\u00e9es \u00e0 chaque signe astrologique [&hellip;]<\/p>\n","protected":false},"author":1,"featured_media":0,"parent":0,"menu_order":0,"comment_status":"closed","ping_status":"closed","template":"","meta":{"_monsterinsights_skip_tracking":false,"_monsterinsights_sitenote_active":false,"_monsterinsights_sitenote_note":"","_monsterinsights_sitenote_category":0,"footnotes":""},"class_list":["post-5733","page","type-page","status-publish","hentry"],"yoast_head":"<!-- This site is optimized with the Yoast SEO plugin v27.4 - https:\/\/yoast.com\/product\/yoast-seo-wordpress\/ -->\n<title>Cadeau astrologie et pierres wydiane khaoua<\/title>\n<meta name=\"description\" content=\"D\u00e9couvrez mon cadeau autour de l&#039;astrologie, la lithoth\u00e9rapie et les pierres de naissance.\" \/>\n<meta name=\"robots\" content=\"index, follow, max-snippet:-1, max-image-preview:large, max-video-preview:-1\" \/>\n<link rel=\"canonical\" href=\"https:\/\/wydiane-khaoua.com\/index.php\/cadeau-guide-astro-pierres\/\" \/>\n<meta property=\"og:locale\" content=\"fr_FR\" \/>\n<meta property=\"og:type\" content=\"article\" \/>\n<meta property=\"og:title\" content=\"Cadeau astrologie et pierres wydiane khaoua\" \/>\n<meta property=\"og:description\" content=\"D\u00e9couvrez mon cadeau autour de l&#039;astrologie, la lithoth\u00e9rapie et les pierres de naissance.\" \/>\n<meta property=\"og:url\" content=\"https:\/\/wydiane-khaoua.com\/index.php\/cadeau-guide-astro-pierres\/\" \/>\n<meta property=\"og:site_name\" content=\"wydiane-khaoua.com\" \/>\n<meta property=\"article:modified_time\" content=\"2026-01-14T20:03:00+00:00\" \/>\n<meta property=\"og:image\" content=\"https:\/\/wydiane-khaoua.com\/wp-content\/uploads\/2023\/10\/cadeau-original-1-scaled.jpg\" \/>\n\t<meta property=\"og:image:width\" content=\"2560\" \/>\n\t<meta property=\"og:image:height\" content=\"1709\" \/>\n\t<meta property=\"og:image:type\" content=\"image\/jpeg\" \/>\n<meta name=\"twitter:card\" content=\"summary_large_image\" \/>\n<meta name=\"twitter:label1\" content=\"Dur\u00e9e de lecture estim\u00e9e\" \/>\n\t<meta name=\"twitter:data1\" content=\"1 minute\" \/>\n<script type=\"application\/ld+json\" class=\"yoast-schema-graph\">{\"@context\":\"https:\\\/\\\/schema.org\",\"@graph\":[{\"@type\":\"WebPage\",\"@id\":\"https:\\\/\\\/wydiane-khaoua.com\\\/index.php\\\/cadeau-guide-astro-pierres\\\/\",\"url\":\"https:\\\/\\\/wydiane-khaoua.com\\\/index.php\\\/cadeau-guide-astro-pierres\\\/\",\"name\":\"Cadeau astrologie et pierres wydiane khaoua\",\"isPartOf\":{\"@id\":\"https:\\\/\\\/wydiane-khaoua.com\\\/#website\"},\"primaryImageOfPage\":{\"@id\":\"https:\\\/\\\/wydiane-khaoua.com\\\/index.php\\\/cadeau-guide-astro-pierres\\\/#primaryimage\"},\"image\":{\"@id\":\"https:\\\/\\\/wydiane-khaoua.com\\\/index.php\\\/cadeau-guide-astro-pierres\\\/#primaryimage\"},\"thumbnailUrl\":\"https:\\\/\\\/wydiane-khaoua.com\\\/wp-content\\\/uploads\\\/2023\\\/10\\\/cadeau-original-1-768x513.jpg\",\"datePublished\":\"2026-01-12T20:51:34+00:00\",\"dateModified\":\"2026-01-14T20:03:00+00:00\",\"description\":\"D\u00e9couvrez mon cadeau autour de l'astrologie, la lithoth\u00e9rapie et les pierres de naissance.\",\"breadcrumb\":{\"@id\":\"https:\\\/\\\/wydiane-khaoua.com\\\/index.php\\\/cadeau-guide-astro-pierres\\\/#breadcrumb\"},\"inLanguage\":\"fr-FR\",\"potentialAction\":[{\"@type\":\"ReadAction\",\"target\":[\"https:\\\/\\\/wydiane-khaoua.com\\\/index.php\\\/cadeau-guide-astro-pierres\\\/\"]}]},{\"@type\":\"ImageObject\",\"inLanguage\":\"fr-FR\",\"@id\":\"https:\\\/\\\/wydiane-khaoua.com\\\/index.php\\\/cadeau-guide-astro-pierres\\\/#primaryimage\",\"url\":\"https:\\\/\\\/wydiane-khaoua.com\\\/wp-content\\\/uploads\\\/2023\\\/10\\\/cadeau-original-1-scaled.jpg\",\"contentUrl\":\"https:\\\/\\\/wydiane-khaoua.com\\\/wp-content\\\/uploads\\\/2023\\\/10\\\/cadeau-original-1-scaled.jpg\",\"width\":2560,\"height\":1709,\"caption\":\"d\u00e9veloppement personnel, th\u00e9rapeute paris, wydiane khaoua, astrologie, lithoth\u00e9rapie\"},{\"@type\":\"BreadcrumbList\",\"@id\":\"https:\\\/\\\/wydiane-khaoua.com\\\/index.php\\\/cadeau-guide-astro-pierres\\\/#breadcrumb\",\"itemListElement\":[{\"@type\":\"ListItem\",\"position\":1,\"name\":\"Accueil\",\"item\":\"https:\\\/\\\/wydiane-khaoua.com\\\/\"},{\"@type\":\"ListItem\",\"position\":2,\"name\":\"cadeau guide astro pierres\"}]},{\"@type\":\"WebSite\",\"@id\":\"https:\\\/\\\/wydiane-khaoua.com\\\/#website\",\"url\":\"https:\\\/\\\/wydiane-khaoua.com\\\/\",\"name\":\"wydiane-khaoua.com\",\"description\":\"\",\"publisher\":{\"@id\":\"https:\\\/\\\/wydiane-khaoua.com\\\/#organization\"},\"potentialAction\":[{\"@type\":\"SearchAction\",\"target\":{\"@type\":\"EntryPoint\",\"urlTemplate\":\"https:\\\/\\\/wydiane-khaoua.com\\\/?s={search_term_string}\"},\"query-input\":{\"@type\":\"PropertyValueSpecification\",\"valueRequired\":true,\"valueName\":\"search_term_string\"}}],\"inLanguage\":\"fr-FR\"},{\"@type\":\"Organization\",\"@id\":\"https:\\\/\\\/wydiane-khaoua.com\\\/#organization\",\"name\":\"wydiane-khaoua.com\",\"url\":\"https:\\\/\\\/wydiane-khaoua.com\\\/\",\"logo\":{\"@type\":\"ImageObject\",\"inLanguage\":\"fr-FR\",\"@id\":\"https:\\\/\\\/wydiane-khaoua.com\\\/#\\\/schema\\\/logo\\\/image\\\/\",\"url\":\"https:\\\/\\\/wydiane-khaoua.com\\\/wp-content\\\/uploads\\\/2023\\\/09\\\/wydiane-khaoua-favicon.png\",\"contentUrl\":\"https:\\\/\\\/wydiane-khaoua.com\\\/wp-content\\\/uploads\\\/2023\\\/09\\\/wydiane-khaoua-favicon.png\",\"width\":256,\"height\":256,\"caption\":\"wydiane-khaoua.com\"},\"image\":{\"@id\":\"https:\\\/\\\/wydiane-khaoua.com\\\/#\\\/schema\\\/logo\\\/image\\\/\"}}]}<\/script>\n<!-- \/ Yoast SEO plugin. -->","yoast_head_json":{"title":"Cadeau astrologie et pierres wydiane khaoua","description":"D\u00e9couvrez mon cadeau autour de l'astrologie, la lithoth\u00e9rapie et les pierres de naissance.","robots":{"index":"index","follow":"follow","max-snippet":"max-snippet:-1","max-image-preview":"max-image-preview:large","max-video-preview":"max-video-preview:-1"},"canonical":"https:\/\/wydiane-khaoua.com\/index.php\/cadeau-guide-astro-pierres\/","og_locale":"fr_FR","og_type":"article","og_title":"Cadeau astrologie et pierres wydiane khaoua","og_description":"D\u00e9couvrez mon cadeau autour de l'astrologie, la lithoth\u00e9rapie et les pierres de naissance.","og_url":"https:\/\/wydiane-khaoua.com\/index.php\/cadeau-guide-astro-pierres\/","og_site_name":"wydiane-khaoua.com","article_modified_time":"2026-01-14T20:03:00+00:00","og_image":[{"width":2560,"height":1709,"url":"https:\/\/wydiane-khaoua.com\/wp-content\/uploads\/2023\/10\/cadeau-original-1-scaled.jpg","type":"image\/jpeg"}],"twitter_card":"summary_large_image","twitter_misc":{"Dur\u00e9e de lecture estim\u00e9e":"1 minute"},"schema":{"@context":"https:\/\/schema.org","@graph":[{"@type":"WebPage","@id":"https:\/\/wydiane-khaoua.com\/index.php\/cadeau-guide-astro-pierres\/","url":"https:\/\/wydiane-khaoua.com\/index.php\/cadeau-guide-astro-pierres\/","name":"Cadeau astrologie et pierres wydiane khaoua","isPartOf":{"@id":"https:\/\/wydiane-khaoua.com\/#website"},"primaryImageOfPage":{"@id":"https:\/\/wydiane-khaoua.com\/index.php\/cadeau-guide-astro-pierres\/#primaryimage"},"image":{"@id":"https:\/\/wydiane-khaoua.com\/index.php\/cadeau-guide-astro-pierres\/#primaryimage"},"thumbnailUrl":"https:\/\/wydiane-khaoua.com\/wp-content\/uploads\/2023\/10\/cadeau-original-1-768x513.jpg","datePublished":"2026-01-12T20:51:34+00:00","dateModified":"2026-01-14T20:03:00+00:00","description":"D\u00e9couvrez mon cadeau autour de l'astrologie, la lithoth\u00e9rapie et les pierres de naissance.","breadcrumb":{"@id":"https:\/\/wydiane-khaoua.com\/index.php\/cadeau-guide-astro-pierres\/#breadcrumb"},"inLanguage":"fr-FR","potentialAction":[{"@type":"ReadAction","target":["https:\/\/wydiane-khaoua.com\/index.php\/cadeau-guide-astro-pierres\/"]}]},{"@type":"ImageObject","inLanguage":"fr-FR","@id":"https:\/\/wydiane-khaoua.com\/index.php\/cadeau-guide-astro-pierres\/#primaryimage","url":"https:\/\/wydiane-khaoua.com\/wp-content\/uploads\/2023\/10\/cadeau-original-1-scaled.jpg","contentUrl":"https:\/\/wydiane-khaoua.com\/wp-content\/uploads\/2023\/10\/cadeau-original-1-scaled.jpg","width":2560,"height":1709,"caption":"d\u00e9veloppement personnel, th\u00e9rapeute paris, wydiane khaoua, astrologie, lithoth\u00e9rapie"},{"@type":"BreadcrumbList","@id":"https:\/\/wydiane-khaoua.com\/index.php\/cadeau-guide-astro-pierres\/#breadcrumb","itemListElement":[{"@type":"ListItem","position":1,"name":"Accueil","item":"https:\/\/wydiane-khaoua.com\/"},{"@type":"ListItem","position":2,"name":"cadeau guide astro pierres"}]},{"@type":"WebSite","@id":"https:\/\/wydiane-khaoua.com\/#website","url":"https:\/\/wydiane-khaoua.com\/","name":"wydiane-khaoua.com","description":"","publisher":{"@id":"https:\/\/wydiane-khaoua.com\/#organization"},"potentialAction":[{"@type":"SearchAction","target":{"@type":"EntryPoint","urlTemplate":"https:\/\/wydiane-khaoua.com\/?s={search_term_string}"},"query-input":{"@type":"PropertyValueSpecification","valueRequired":true,"valueName":"search_term_string"}}],"inLanguage":"fr-FR"},{"@type":"Organization","@id":"https:\/\/wydiane-khaoua.com\/#organization","name":"wydiane-khaoua.com","url":"https:\/\/wydiane-khaoua.com\/","logo":{"@type":"ImageObject","inLanguage":"fr-FR","@id":"https:\/\/wydiane-khaoua.com\/#\/schema\/logo\/image\/","url":"https:\/\/wydiane-khaoua.com\/wp-content\/uploads\/2023\/09\/wydiane-khaoua-favicon.png","contentUrl":"https:\/\/wydiane-khaoua.com\/wp-content\/uploads\/2023\/09\/wydiane-khaoua-favicon.png","width":256,"height":256,"caption":"wydiane-khaoua.com"},"image":{"@id":"https:\/\/wydiane-khaoua.com\/#\/schema\/logo\/image\/"}}]}},"_links":{"self":[{"href":"https:\/\/wydiane-khaoua.com\/index.php\/wp-json\/wp\/v2\/pages\/5733","targetHints":{"allow":["GET"]}}],"collection":[{"href":"https:\/\/wydiane-khaoua.com\/index.php\/wp-json\/wp\/v2\/pages"}],"about":[{"href":"https:\/\/wydiane-khaoua.com\/index.php\/wp-json\/wp\/v2\/types\/page"}],"author":[{"embeddable":true,"href":"https:\/\/wydiane-khaoua.com\/index.php\/wp-json\/wp\/v2\/users\/1"}],"replies":[{"embeddable":true,"href":"https:\/\/wydiane-khaoua.com\/index.php\/wp-json\/wp\/v2\/comments?post=5733"}],"version-history":[{"count":19,"href":"https:\/\/wydiane-khaoua.com\/index.php\/wp-json\/wp\/v2\/pages\/5733\/revisions"}],"predecessor-version":[{"id":5894,"href":"https:\/\/wydiane-khaoua.com\/index.php\/wp-json\/wp\/v2\/pages\/5733\/revisions\/5894"}],"wp:attachment":[{"href":"https:\/\/wydiane-khaoua.com\/index.php\/wp-json\/wp\/v2\/media?parent=5733"}],"curies":[{"name":"wp","href":"https:\/\/api.w.org\/{rel}","templated":true}]}}