{"id":2968,"date":"2024-09-09T09:55:16","date_gmt":"2024-09-09T07:55:16","guid":{"rendered":"https:\/\/wydiane-khaoua.com\/?post_type=product&#038;p=2968"},"modified":"2026-03-10T20:54:46","modified_gmt":"2026-03-10T19:54:46","slug":"programme-introspection-360-accompagnement-global-sur-mesure-6-mois","status":"publish","type":"product","link":"https:\/\/wydiane-khaoua.com\/index.php\/produit\/programme-introspection-360-accompagnement-global-sur-mesure-6-mois\/","title":{"rendered":"Parcours Complet sur-mesure: REP\u00c8RES 360\u00b0"},"content":{"rendered":"<h3 data-start=\"123\" data-end=\"298\"><\/h3>\n<p>&nbsp;<\/p>\n","protected":false},"excerpt":{"rendered":"<p class=\"p1\"><strong>S\u00c9CURISE TES GRANDES D\u00c9CISIONS DE VIE SANS TE PERDRE DANS LE DOUTE NI TE TRAHIR\u200b<\/strong><\/p>\n<p class=\"p1\">Si tu ressasses 1001 pens\u00e9es, que <strong>tu analyses tout<\/strong>, que tu doutes de chaque d\u00e9cision car tu as <strong>peur de te tromper<\/strong>, d\u2019avoir des regrets ou de <strong>te r\u00e9veiller un jour avec le sentiment d\u2019\u00eatre pass\u00e9e \u00e0 c\u00f4t\u00e9 de ta vie<\/strong>&#8230;<\/p>\n<p class=\"p1\">J&#8217;ai cr\u00e9\u00e9 une\u00a0<b>parcours d\u2019astro-guidance holistique<\/b> sur-mesure pour les <b>femmes hypersensibles<\/b>\u00a0qui pensent \u201ctrop\u201d, afin de\u00a0<b>retrouver des rep\u00e8res stables<\/b>, faire des\u00a0<b>choix justes<\/b>, et\u00a0<b>avancer avec confiance<\/b> dans leur vie personnelle, relationnelle &amp; professionnelle.<\/p>\n","protected":false},"featured_media":5682,"template":"","meta":{"_monsterinsights_skip_tracking":false,"_monsterinsights_sitenote_active":false,"_monsterinsights_sitenote_note":"","_monsterinsights_sitenote_category":0},"product_brand":[],"product_cat":[20,39,126],"product_tag":[],"class_list":{"0":"post-2968","1":"product","2":"type-product","3":"status-publish","4":"has-post-thumbnail","6":"product_cat-consultations","7":"product_cat-formations","8":"product_cat-programme","10":"first","11":"instock","12":"featured","13":"shipping-taxable","14":"product-type-external"},"yoast_head":"<!-- This site is optimized with the Yoast SEO plugin v27.4 - https:\/\/yoast.com\/product\/yoast-seo-wordpress\/ -->\n<title>Programme Complet REP\u00c8RES 360\u00b0: Accompagnement sur-mesure<\/title>\n<meta name=\"description\" content=\"J\u2019aide les hypersensibles en plein tournant de vie et perdues dans leurs choix \u00e0 sortir du ressassement mental et de la peur de se tromper pour se sentir enfin \u00e0 leur place \u00e0 360\u00b0 gr\u00e2ce aux rep\u00e8res de l\u2019astro-guidance.\" \/>\n<meta name=\"robots\" content=\"index, follow, max-snippet:-1, max-image-preview:large, max-video-preview:-1\" \/>\n<link rel=\"canonical\" href=\"https:\/\/wydiane-khaoua.com\/index.php\/produit\/programme-introspection-360-accompagnement-global-sur-mesure-6-mois\/\" \/>\n<meta property=\"og:locale\" content=\"fr_FR\" \/>\n<meta property=\"og:type\" content=\"article\" \/>\n<meta property=\"og:title\" content=\"Programme Complet REP\u00c8RES 360\u00b0: Accompagnement sur-mesure\" \/>\n<meta property=\"og:description\" content=\"J\u2019aide les hypersensibles en plein tournant de vie et perdues dans leurs choix \u00e0 sortir du ressassement mental et de la peur de se tromper pour se sentir enfin \u00e0 leur place \u00e0 360\u00b0 gr\u00e2ce aux rep\u00e8res de l\u2019astro-guidance.\" \/>\n<meta property=\"og:url\" content=\"https:\/\/wydiane-khaoua.com\/index.php\/produit\/programme-introspection-360-accompagnement-global-sur-mesure-6-mois\/\" \/>\n<meta property=\"og:site_name\" content=\"wydiane-khaoua.com\" \/>\n<meta property=\"article:modified_time\" content=\"2026-03-10T19:54:46+00:00\" \/>\n<meta property=\"og:image\" content=\"https:\/\/wydiane-khaoua.com\/wp-content\/uploads\/2026\/01\/360-3D-ok.jpg\" \/>\n\t<meta property=\"og:image:width\" content=\"928\" \/>\n\t<meta property=\"og:image:height\" content=\"1232\" \/>\n\t<meta property=\"og:image:type\" content=\"image\/jpeg\" \/>\n<meta name=\"twitter:card\" content=\"summary_large_image\" \/>\n<meta name=\"twitter:label1\" content=\"Dur\u00e9e de lecture estim\u00e9e\" \/>\n\t<meta name=\"twitter:data1\" content=\"1 minute\" \/>\n<script type=\"application\/ld+json\" class=\"yoast-schema-graph\">{\"@context\":\"https:\\\/\\\/schema.org\",\"@graph\":[{\"@type\":\"WebPage\",\"@id\":\"https:\\\/\\\/wydiane-khaoua.com\\\/index.php\\\/produit\\\/programme-introspection-360-accompagnement-global-sur-mesure-6-mois\\\/\",\"url\":\"https:\\\/\\\/wydiane-khaoua.com\\\/index.php\\\/produit\\\/programme-introspection-360-accompagnement-global-sur-mesure-6-mois\\\/\",\"name\":\"Programme Complet REP\u00c8RES 360\u00b0: Accompagnement sur-mesure\",\"isPartOf\":{\"@id\":\"https:\\\/\\\/wydiane-khaoua.com\\\/#website\"},\"primaryImageOfPage\":{\"@id\":\"https:\\\/\\\/wydiane-khaoua.com\\\/index.php\\\/produit\\\/programme-introspection-360-accompagnement-global-sur-mesure-6-mois\\\/#primaryimage\"},\"image\":{\"@id\":\"https:\\\/\\\/wydiane-khaoua.com\\\/index.php\\\/produit\\\/programme-introspection-360-accompagnement-global-sur-mesure-6-mois\\\/#primaryimage\"},\"thumbnailUrl\":\"https:\\\/\\\/wydiane-khaoua.com\\\/wp-content\\\/uploads\\\/2026\\\/01\\\/360-3D-ok.jpg\",\"datePublished\":\"2024-09-09T07:55:16+00:00\",\"dateModified\":\"2026-03-10T19:54:46+00:00\",\"description\":\"J\u2019aide les hypersensibles en plein tournant de vie et perdues dans leurs choix \u00e0 sortir du ressassement mental et de la peur de se tromper pour se sentir enfin \u00e0 leur place \u00e0 360\u00b0 gr\u00e2ce aux rep\u00e8res de l\u2019astro-guidance.\",\"breadcrumb\":{\"@id\":\"https:\\\/\\\/wydiane-khaoua.com\\\/index.php\\\/produit\\\/programme-introspection-360-accompagnement-global-sur-mesure-6-mois\\\/#breadcrumb\"},\"inLanguage\":\"fr-FR\",\"potentialAction\":[{\"@type\":\"ReadAction\",\"target\":[\"https:\\\/\\\/wydiane-khaoua.com\\\/index.php\\\/produit\\\/programme-introspection-360-accompagnement-global-sur-mesure-6-mois\\\/\"]}]},{\"@type\":\"ImageObject\",\"inLanguage\":\"fr-FR\",\"@id\":\"https:\\\/\\\/wydiane-khaoua.com\\\/index.php\\\/produit\\\/programme-introspection-360-accompagnement-global-sur-mesure-6-mois\\\/#primaryimage\",\"url\":\"https:\\\/\\\/wydiane-khaoua.com\\\/wp-content\\\/uploads\\\/2026\\\/01\\\/360-3D-ok.jpg\",\"contentUrl\":\"https:\\\/\\\/wydiane-khaoua.com\\\/wp-content\\\/uploads\\\/2026\\\/01\\\/360-3D-ok.jpg\",\"width\":928,\"height\":1232,\"caption\":\"programme d'accompagnement personnalis\u00e9, coaching, rep\u00e8res 360, wydiane khaoua, astrologie, pierres de naissance, bilan de vie\"},{\"@type\":\"BreadcrumbList\",\"@id\":\"https:\\\/\\\/wydiane-khaoua.com\\\/index.php\\\/produit\\\/programme-introspection-360-accompagnement-global-sur-mesure-6-mois\\\/#breadcrumb\",\"itemListElement\":[{\"@type\":\"ListItem\",\"position\":1,\"name\":\"Accueil\",\"item\":\"https:\\\/\\\/wydiane-khaoua.com\\\/\"},{\"@type\":\"ListItem\",\"position\":2,\"name\":\"Mes Services\",\"item\":\"https:\\\/\\\/wydiane-khaoua.com\\\/index.php\\\/boutique-wydiane-services-livres-bien-etre\\\/\"},{\"@type\":\"ListItem\",\"position\":3,\"name\":\"Parcours Complet sur-mesure: REP\u00c8RES 360\u00b0\"}]},{\"@type\":\"WebSite\",\"@id\":\"https:\\\/\\\/wydiane-khaoua.com\\\/#website\",\"url\":\"https:\\\/\\\/wydiane-khaoua.com\\\/\",\"name\":\"wydiane-khaoua.com\",\"description\":\"\",\"publisher\":{\"@id\":\"https:\\\/\\\/wydiane-khaoua.com\\\/#organization\"},\"potentialAction\":[{\"@type\":\"SearchAction\",\"target\":{\"@type\":\"EntryPoint\",\"urlTemplate\":\"https:\\\/\\\/wydiane-khaoua.com\\\/?s={search_term_string}\"},\"query-input\":{\"@type\":\"PropertyValueSpecification\",\"valueRequired\":true,\"valueName\":\"search_term_string\"}}],\"inLanguage\":\"fr-FR\"},{\"@type\":\"Organization\",\"@id\":\"https:\\\/\\\/wydiane-khaoua.com\\\/#organization\",\"name\":\"wydiane-khaoua.com\",\"url\":\"https:\\\/\\\/wydiane-khaoua.com\\\/\",\"logo\":{\"@type\":\"ImageObject\",\"inLanguage\":\"fr-FR\",\"@id\":\"https:\\\/\\\/wydiane-khaoua.com\\\/#\\\/schema\\\/logo\\\/image\\\/\",\"url\":\"https:\\\/\\\/wydiane-khaoua.com\\\/wp-content\\\/uploads\\\/2023\\\/09\\\/wydiane-khaoua-favicon.png\",\"contentUrl\":\"https:\\\/\\\/wydiane-khaoua.com\\\/wp-content\\\/uploads\\\/2023\\\/09\\\/wydiane-khaoua-favicon.png\",\"width\":256,\"height\":256,\"caption\":\"wydiane-khaoua.com\"},\"image\":{\"@id\":\"https:\\\/\\\/wydiane-khaoua.com\\\/#\\\/schema\\\/logo\\\/image\\\/\"}}]}<\/script>\n<!-- \/ Yoast SEO plugin. -->","yoast_head_json":{"title":"Programme Complet REP\u00c8RES 360\u00b0: Accompagnement sur-mesure","description":"J\u2019aide les hypersensibles en plein tournant de vie et perdues dans leurs choix \u00e0 sortir du ressassement mental et de la peur de se tromper pour se sentir enfin \u00e0 leur place \u00e0 360\u00b0 gr\u00e2ce aux rep\u00e8res de l\u2019astro-guidance.","robots":{"index":"index","follow":"follow","max-snippet":"max-snippet:-1","max-image-preview":"max-image-preview:large","max-video-preview":"max-video-preview:-1"},"canonical":"https:\/\/wydiane-khaoua.com\/index.php\/produit\/programme-introspection-360-accompagnement-global-sur-mesure-6-mois\/","og_locale":"fr_FR","og_type":"article","og_title":"Programme Complet REP\u00c8RES 360\u00b0: Accompagnement sur-mesure","og_description":"J\u2019aide les hypersensibles en plein tournant de vie et perdues dans leurs choix \u00e0 sortir du ressassement mental et de la peur de se tromper pour se sentir enfin \u00e0 leur place \u00e0 360\u00b0 gr\u00e2ce aux rep\u00e8res de l\u2019astro-guidance.","og_url":"https:\/\/wydiane-khaoua.com\/index.php\/produit\/programme-introspection-360-accompagnement-global-sur-mesure-6-mois\/","og_site_name":"wydiane-khaoua.com","article_modified_time":"2026-03-10T19:54:46+00:00","og_image":[{"width":928,"height":1232,"url":"https:\/\/wydiane-khaoua.com\/wp-content\/uploads\/2026\/01\/360-3D-ok.jpg","type":"image\/jpeg"}],"twitter_card":"summary_large_image","twitter_misc":{"Dur\u00e9e de lecture estim\u00e9e":"1 minute"},"schema":{"@context":"https:\/\/schema.org","@graph":[{"@type":"WebPage","@id":"https:\/\/wydiane-khaoua.com\/index.php\/produit\/programme-introspection-360-accompagnement-global-sur-mesure-6-mois\/","url":"https:\/\/wydiane-khaoua.com\/index.php\/produit\/programme-introspection-360-accompagnement-global-sur-mesure-6-mois\/","name":"Programme Complet REP\u00c8RES 360\u00b0: Accompagnement sur-mesure","isPartOf":{"@id":"https:\/\/wydiane-khaoua.com\/#website"},"primaryImageOfPage":{"@id":"https:\/\/wydiane-khaoua.com\/index.php\/produit\/programme-introspection-360-accompagnement-global-sur-mesure-6-mois\/#primaryimage"},"image":{"@id":"https:\/\/wydiane-khaoua.com\/index.php\/produit\/programme-introspection-360-accompagnement-global-sur-mesure-6-mois\/#primaryimage"},"thumbnailUrl":"https:\/\/wydiane-khaoua.com\/wp-content\/uploads\/2026\/01\/360-3D-ok.jpg","datePublished":"2024-09-09T07:55:16+00:00","dateModified":"2026-03-10T19:54:46+00:00","description":"J\u2019aide les hypersensibles en plein tournant de vie et perdues dans leurs choix \u00e0 sortir du ressassement mental et de la peur de se tromper pour se sentir enfin \u00e0 leur place \u00e0 360\u00b0 gr\u00e2ce aux rep\u00e8res de l\u2019astro-guidance.","breadcrumb":{"@id":"https:\/\/wydiane-khaoua.com\/index.php\/produit\/programme-introspection-360-accompagnement-global-sur-mesure-6-mois\/#breadcrumb"},"inLanguage":"fr-FR","potentialAction":[{"@type":"ReadAction","target":["https:\/\/wydiane-khaoua.com\/index.php\/produit\/programme-introspection-360-accompagnement-global-sur-mesure-6-mois\/"]}]},{"@type":"ImageObject","inLanguage":"fr-FR","@id":"https:\/\/wydiane-khaoua.com\/index.php\/produit\/programme-introspection-360-accompagnement-global-sur-mesure-6-mois\/#primaryimage","url":"https:\/\/wydiane-khaoua.com\/wp-content\/uploads\/2026\/01\/360-3D-ok.jpg","contentUrl":"https:\/\/wydiane-khaoua.com\/wp-content\/uploads\/2026\/01\/360-3D-ok.jpg","width":928,"height":1232,"caption":"programme d'accompagnement personnalis\u00e9, coaching, rep\u00e8res 360, wydiane khaoua, astrologie, pierres de naissance, bilan de vie"},{"@type":"BreadcrumbList","@id":"https:\/\/wydiane-khaoua.com\/index.php\/produit\/programme-introspection-360-accompagnement-global-sur-mesure-6-mois\/#breadcrumb","itemListElement":[{"@type":"ListItem","position":1,"name":"Accueil","item":"https:\/\/wydiane-khaoua.com\/"},{"@type":"ListItem","position":2,"name":"Mes Services","item":"https:\/\/wydiane-khaoua.com\/index.php\/boutique-wydiane-services-livres-bien-etre\/"},{"@type":"ListItem","position":3,"name":"Parcours Complet sur-mesure: REP\u00c8RES 360\u00b0"}]},{"@type":"WebSite","@id":"https:\/\/wydiane-khaoua.com\/#website","url":"https:\/\/wydiane-khaoua.com\/","name":"wydiane-khaoua.com","description":"","publisher":{"@id":"https:\/\/wydiane-khaoua.com\/#organization"},"potentialAction":[{"@type":"SearchAction","target":{"@type":"EntryPoint","urlTemplate":"https:\/\/wydiane-khaoua.com\/?s={search_term_string}"},"query-input":{"@type":"PropertyValueSpecification","valueRequired":true,"valueName":"search_term_string"}}],"inLanguage":"fr-FR"},{"@type":"Organization","@id":"https:\/\/wydiane-khaoua.com\/#organization","name":"wydiane-khaoua.com","url":"https:\/\/wydiane-khaoua.com\/","logo":{"@type":"ImageObject","inLanguage":"fr-FR","@id":"https:\/\/wydiane-khaoua.com\/#\/schema\/logo\/image\/","url":"https:\/\/wydiane-khaoua.com\/wp-content\/uploads\/2023\/09\/wydiane-khaoua-favicon.png","contentUrl":"https:\/\/wydiane-khaoua.com\/wp-content\/uploads\/2023\/09\/wydiane-khaoua-favicon.png","width":256,"height":256,"caption":"wydiane-khaoua.com"},"image":{"@id":"https:\/\/wydiane-khaoua.com\/#\/schema\/logo\/image\/"}}]}},"_links":{"self":[{"href":"https:\/\/wydiane-khaoua.com\/index.php\/wp-json\/wp\/v2\/product\/2968","targetHints":{"allow":["GET"]}}],"collection":[{"href":"https:\/\/wydiane-khaoua.com\/index.php\/wp-json\/wp\/v2\/product"}],"about":[{"href":"https:\/\/wydiane-khaoua.com\/index.php\/wp-json\/wp\/v2\/types\/product"}],"wp:featuredmedia":[{"embeddable":true,"href":"https:\/\/wydiane-khaoua.com\/index.php\/wp-json\/wp\/v2\/media\/5682"}],"wp:attachment":[{"href":"https:\/\/wydiane-khaoua.com\/index.php\/wp-json\/wp\/v2\/media?parent=2968"}],"wp:term":[{"taxonomy":"product_brand","embeddable":true,"href":"https:\/\/wydiane-khaoua.com\/index.php\/wp-json\/wp\/v2\/product_brand?post=2968"},{"taxonomy":"product_cat","embeddable":true,"href":"https:\/\/wydiane-khaoua.com\/index.php\/wp-json\/wp\/v2\/product_cat?post=2968"},{"taxonomy":"product_tag","embeddable":true,"href":"https:\/\/wydiane-khaoua.com\/index.php\/wp-json\/wp\/v2\/product_tag?post=2968"}],"curies":[{"name":"wp","href":"https:\/\/api.w.org\/{rel}","templated":true}]}}