{"id":3064,"date":"2024-09-09T16:46:34","date_gmt":"2024-09-09T14:46:34","guid":{"rendered":"https:\/\/wydiane-khaoua.com\/?post_type=product&#038;p=3064"},"modified":"2026-04-28T10:45:28","modified_gmt":"2026-04-28T08:45:28","slug":"consultation-enfant","status":"publish","type":"product","link":"https:\/\/wydiane-khaoua.com\/index.php\/produit\/consultation-enfant\/","title":{"rendered":"Consultation enfant ou ado 0-16 ans (1h)"},"content":{"rendered":"<p data-start=\"275\" data-end=\"517\">Durant cette consultation, je d\u00e9crypte la personnalit\u00e9 et le profil global de votre enfant afin de vous transmettre des cl\u00e9s de compr\u00e9hension de son univers int\u00e9rieur, et une lecture plus consciente de son \u201cterrain\u201d \u00e9motionnel.<\/p>\n<p data-start=\"519\" data-end=\"689\">Cette analyse a pour objectif de vous apporter un \u00e9clairage profond sur qui il est, \u00e0 travers les messages de ses pierres fondatrices et de son th\u00e8me astral de naissance.<\/p>\n<p data-start=\"691\" data-end=\"930\">Mon intention n\u2019est jamais d\u2019enfermer votre enfant dans des cases, mais de vous ouvrir des pistes concr\u00e8tes pour l\u2019accompagner au plus pr\u00e8s de ses besoins, dans le respect de sa nature, afin de soutenir l\u2019expression de son plein potentiel.<\/p>\n<p data-start=\"937\" data-end=\"1179\">Cette consultation s\u2019adresse aux parents et peut \u00eatre r\u00e9alis\u00e9e de la naissance jusqu\u2019\u00e0 16 ans.<\/p>\n<p data-start=\"937\" data-end=\"1179\">Au-del\u00e0, je privil\u00e9gie un accompagnement directement avec votre enfant, dans le cadre d\u2019une consultation plus approfondie et adapt\u00e9e \u00e0 son \u00e2ge.<\/p>\n<p data-start=\"1181\" data-end=\"1272\">N\u2019h\u00e9sitez pas \u00e0 me contacter si vous avez la moindre question, je suis l\u00e0 pour vous guider.<\/p>\n<h3 data-section-id=\"ma76n5\" data-start=\"1279\" data-end=\"1325\"><\/h3>\n<h3 data-section-id=\"ma76n5\" data-start=\"1279\" data-end=\"1325\">Si vous attendez un b\u00e9b\u00e9<\/h3>\n<p data-start=\"1327\" data-end=\"1399\">Vous attendez un enfant et vous vous interrogez sur le choix du pr\u00e9nom ?<\/p>\n<p data-start=\"1401\" data-end=\"1637\">Je peux vous proposer un retour autour des diff\u00e9rentes possibilit\u00e9s envisag\u00e9es, en explorant la symbolique associ\u00e9es aux combinaisons de pr\u00e9noms auxquels vous aviez pens\u00e9 (\u00e0 travers les calculs li\u00e9s aux pierres de naissance, sans date pr\u00e9cise).<\/p>\n<p data-start=\"1639\" data-end=\"1715\">Cette approche se veut avant tout ludique, exploratoire et non d\u00e9terministe.<\/p>\n<p data-start=\"1717\" data-end=\"1899\">Je ne suis pas l\u00e0 pour d\u00e9cider \u00e0 votre place, ni pour figer une \u201cbonne\u201d ou \u201cmauvaise\u201d option.<br data-start=\"1810\" data-end=\"1813\" \/>Il n\u2019y a pas d\u2019erreur dans le choix d\u2019un pr\u00e9nom, seulement des r\u00e9sonances diff\u00e9rentes.<\/p>\n<p data-start=\"1901\" data-end=\"2047\">Mon r\u00f4le est simplement de vous partager ce qui \u00e9merge de ces combinaisons, comme je l\u2019ai moi-m\u00eame exp\u00e9riment\u00e9 lors de la naissance de mon enfant.<\/p>\n<p data-start=\"2049\" data-end=\"2078\">Ensuite\u2026 \u00e0 vous de ressentir.<\/p>\n<p data-start=\"2085\" data-end=\"2260\">Quoi qu\u2019il en soit, avec ou sans consultation, souvenez-vous de ceci : dans ces d\u00e9cisions-l\u00e0, <strong data-start=\"2181\" data-end=\"2223\">l\u2019intuition reste votre meilleur guide<\/strong>. Faites-vous confiance avant tout.<\/p>\n<h3 data-section-id=\"r9mmb6\" data-start=\"2267\" data-end=\"2306\"><\/h3>\n<h3 data-section-id=\"r9mmb6\" data-start=\"2267\" data-end=\"2306\">\u00c0 savoir concernant mon approche<\/h3>\n<p data-start=\"2308\" data-end=\"2384\">Je ne suis pas m\u00e9decin et je ne propose aucun accompagnement li\u00e9 \u00e0 la sant\u00e9.<\/p>\n<p data-start=\"2386\" data-end=\"2604\">Les outils que j\u2019utilise sont des supports d\u2019intuition et de compr\u00e9hension symbolique.<br data-start=\"2472\" data-end=\"2475\" \/>Mes connaissances sont solides, mais comme toute pratique humaine, elles \u00e9voluent avec le temps, l\u2019exp\u00e9rience et l\u2019apprentissage.<\/p>\n<p data-start=\"2606\" data-end=\"2760\">Mes partages ne doivent donc jamais \u00eatre consid\u00e9r\u00e9s comme des v\u00e9rit\u00e9s absolues, mais comme des pistes de r\u00e9flexion \u00e0 int\u00e9grer selon votre propre ressenti.<\/p>\n<p data-start=\"2762\" data-end=\"2898\">Je vous invite toujours \u00e0 cultiver votre libre arbitre, votre discernement et votre \u00e9coute int\u00e9rieure dans toute forme d\u2019accompagnement.<\/p>\n<p data-start=\"2900\" data-end=\"3029\">Prenez du recul, ressentez, questionnez\u2026 m\u00eame ce que je vous transmets.<br data-start=\"2971\" data-end=\"2974\" \/>C\u2019est dans cet espace que na\u00eet un accompagnement juste.<\/p>\n","protected":false},"excerpt":{"rendered":"<p data-start=\"107\" data-end=\"294\">Cette consultation vous permet de mieux comprendre la personnalit\u00e9 et le \u201cterrain\u201d \u00e9motionnel de votre enfant, gr\u00e2ce \u00e0 l\u2019analyse crois\u00e9e de ses pierres fondatrices et de son th\u00e8me astral. Elle vous apporte un \u00e9clairage sur sa nature profonde ainsi que des pistes concr\u00e8tes pour l\u2019accompagner avec justesse, dans le respect de son identit\u00e9.<\/p>\n<p data-start=\"539\" data-end=\"694\">Vous retrouverez en description toutes les informations concernant cette consultation \u00e0 distance (y compris pour les futurs parents qui attendent un b\u00e9b\u00e9).<\/p>\n<p data-start=\"941\" data-end=\"1121\">La consultation dure environ 60 minutes. Elle se d\u00e9roule en visioconf\u00e9rence et est enregistr\u00e9e afin que vous puissiez conserver et r\u00e9\u00e9couter ces \u00e9l\u00e9ments pr\u00e9cieux \u00e0 votre rythme.<\/p>\n<p data-start=\"1128\" data-end=\"1277\">Suite \u00e0 votre r\u00e9servation, vous trouverez en bas de votre email de confirmation toutes les informations n\u00e9cessaires pour pr\u00e9parer notre rendez-vous :<\/p>\n<p data-start=\"1279\" data-end=\"1409\"><strong data-start=\"1279\" data-end=\"1285\">1\/<\/strong> Un lien de planification vous permettant de choisir votre cr\u00e9neau directement en ligne.<\/p>\n<p data-start=\"1411\" data-end=\"1606\"><strong data-start=\"1411\" data-end=\"1417\">2\/<\/strong> Lors de la r\u00e9servation, un espace sera pr\u00e9vu pour me transmettre les informations personnelles de votre enfant, indispensables au calcul de ses pierres de naissance et de son th\u00e8me astral.<\/p>\n","protected":false},"featured_media":3066,"template":"","meta":{"_monsterinsights_skip_tracking":false,"_monsterinsights_sitenote_active":false,"_monsterinsights_sitenote_note":"","_monsterinsights_sitenote_category":0},"product_brand":[],"product_cat":[20],"product_tag":[],"class_list":{"0":"post-3064","1":"product","2":"type-product","3":"status-publish","4":"has-post-thumbnail","6":"product_cat-consultations","8":"first","9":"instock","10":"virtual","11":"purchasable","12":"product-type-simple"},"yoast_head":"<!-- This site is optimized with the Yoast SEO plugin v27.5 - https:\/\/yoast.com\/product\/yoast-seo-wordpress\/ -->\n<title>Consultation b\u00e9b\u00e9, enfant ou ados: th\u00e8me astral &amp; pierres de naissance<\/title>\n<meta name=\"description\" content=\"Je propose une consultation d&#039;analyse de personnalit\u00e9 de votre enfant entre 0 et 16 ans \u00e0 distance gr\u00e2ce \u00e0 ses pierres de naissance et \u00e0 son th\u00e8me astral.\" \/>\n<meta name=\"robots\" content=\"index, follow, max-snippet:-1, max-image-preview:large, max-video-preview:-1\" \/>\n<link rel=\"canonical\" href=\"https:\/\/wydiane-khaoua.com\/index.php\/produit\/consultation-enfant\/\" \/>\n<meta property=\"og:locale\" content=\"fr_FR\" \/>\n<meta property=\"og:type\" content=\"article\" \/>\n<meta property=\"og:title\" content=\"Consultation b\u00e9b\u00e9, enfant ou ados: th\u00e8me astral &amp; pierres de naissance\" \/>\n<meta property=\"og:description\" content=\"Je propose une consultation d&#039;analyse de personnalit\u00e9 de votre enfant entre 0 et 16 ans \u00e0 distance gr\u00e2ce \u00e0 ses pierres de naissance et \u00e0 son th\u00e8me astral.\" \/>\n<meta property=\"og:url\" content=\"https:\/\/wydiane-khaoua.com\/index.php\/produit\/consultation-enfant\/\" \/>\n<meta property=\"og:site_name\" content=\"wydiane-khaoua.com\" \/>\n<meta property=\"article:modified_time\" content=\"2026-04-28T08:45:28+00:00\" \/>\n<meta property=\"og:image\" content=\"https:\/\/wydiane-khaoua.com\/wp-content\/uploads\/2024\/09\/monica-gozalo-EcJhLyUQt2I-unsplash-scaled.jpg\" \/>\n\t<meta property=\"og:image:width\" content=\"1707\" \/>\n\t<meta property=\"og:image:height\" content=\"2560\" \/>\n\t<meta property=\"og:image:type\" content=\"image\/jpeg\" \/>\n<meta name=\"twitter:card\" content=\"summary_large_image\" \/>\n<meta name=\"twitter:label1\" content=\"Dur\u00e9e de lecture estim\u00e9e\" \/>\n\t<meta name=\"twitter:data1\" content=\"3 minutes\" \/>\n<script type=\"application\/ld+json\" class=\"yoast-schema-graph\">{\"@context\":\"https:\\\/\\\/schema.org\",\"@graph\":[{\"@type\":\"WebPage\",\"@id\":\"https:\\\/\\\/wydiane-khaoua.com\\\/index.php\\\/produit\\\/consultation-enfant\\\/\",\"url\":\"https:\\\/\\\/wydiane-khaoua.com\\\/index.php\\\/produit\\\/consultation-enfant\\\/\",\"name\":\"Consultation b\u00e9b\u00e9, enfant ou ados: th\u00e8me astral & pierres de naissance\",\"isPartOf\":{\"@id\":\"https:\\\/\\\/wydiane-khaoua.com\\\/#website\"},\"primaryImageOfPage\":{\"@id\":\"https:\\\/\\\/wydiane-khaoua.com\\\/index.php\\\/produit\\\/consultation-enfant\\\/#primaryimage\"},\"image\":{\"@id\":\"https:\\\/\\\/wydiane-khaoua.com\\\/index.php\\\/produit\\\/consultation-enfant\\\/#primaryimage\"},\"thumbnailUrl\":\"https:\\\/\\\/wydiane-khaoua.com\\\/wp-content\\\/uploads\\\/2024\\\/09\\\/monica-gozalo-EcJhLyUQt2I-unsplash-scaled.jpg\",\"datePublished\":\"2024-09-09T14:46:34+00:00\",\"dateModified\":\"2026-04-28T08:45:28+00:00\",\"description\":\"Je propose une consultation d'analyse de personnalit\u00e9 de votre enfant entre 0 et 16 ans \u00e0 distance gr\u00e2ce \u00e0 ses pierres de naissance et \u00e0 son th\u00e8me astral.\",\"breadcrumb\":{\"@id\":\"https:\\\/\\\/wydiane-khaoua.com\\\/index.php\\\/produit\\\/consultation-enfant\\\/#breadcrumb\"},\"inLanguage\":\"fr-FR\",\"potentialAction\":[{\"@type\":\"ReadAction\",\"target\":[\"https:\\\/\\\/wydiane-khaoua.com\\\/index.php\\\/produit\\\/consultation-enfant\\\/\"]}]},{\"@type\":\"ImageObject\",\"inLanguage\":\"fr-FR\",\"@id\":\"https:\\\/\\\/wydiane-khaoua.com\\\/index.php\\\/produit\\\/consultation-enfant\\\/#primaryimage\",\"url\":\"https:\\\/\\\/wydiane-khaoua.com\\\/wp-content\\\/uploads\\\/2024\\\/09\\\/monica-gozalo-EcJhLyUQt2I-unsplash-scaled.jpg\",\"contentUrl\":\"https:\\\/\\\/wydiane-khaoua.com\\\/wp-content\\\/uploads\\\/2024\\\/09\\\/monica-gozalo-EcJhLyUQt2I-unsplash-scaled.jpg\",\"width\":1707,\"height\":2560,\"caption\":\"analyse de personnalit\u00e9 pour enfant, accompagnement pour les enfants, \u00e9ducation positive\"},{\"@type\":\"BreadcrumbList\",\"@id\":\"https:\\\/\\\/wydiane-khaoua.com\\\/index.php\\\/produit\\\/consultation-enfant\\\/#breadcrumb\",\"itemListElement\":[{\"@type\":\"ListItem\",\"position\":1,\"name\":\"Accueil\",\"item\":\"https:\\\/\\\/wydiane-khaoua.com\\\/\"},{\"@type\":\"ListItem\",\"position\":2,\"name\":\"Mes Services\",\"item\":\"https:\\\/\\\/wydiane-khaoua.com\\\/index.php\\\/boutique-wydiane-services-livres-bien-etre\\\/\"},{\"@type\":\"ListItem\",\"position\":3,\"name\":\"Consultation enfant ou ado 0-16 ans (1h)\"}]},{\"@type\":\"WebSite\",\"@id\":\"https:\\\/\\\/wydiane-khaoua.com\\\/#website\",\"url\":\"https:\\\/\\\/wydiane-khaoua.com\\\/\",\"name\":\"wydiane-khaoua.com\",\"description\":\"\",\"publisher\":{\"@id\":\"https:\\\/\\\/wydiane-khaoua.com\\\/#organization\"},\"potentialAction\":[{\"@type\":\"SearchAction\",\"target\":{\"@type\":\"EntryPoint\",\"urlTemplate\":\"https:\\\/\\\/wydiane-khaoua.com\\\/?s={search_term_string}\"},\"query-input\":{\"@type\":\"PropertyValueSpecification\",\"valueRequired\":true,\"valueName\":\"search_term_string\"}}],\"inLanguage\":\"fr-FR\"},{\"@type\":\"Organization\",\"@id\":\"https:\\\/\\\/wydiane-khaoua.com\\\/#organization\",\"name\":\"wydiane-khaoua.com\",\"url\":\"https:\\\/\\\/wydiane-khaoua.com\\\/\",\"logo\":{\"@type\":\"ImageObject\",\"inLanguage\":\"fr-FR\",\"@id\":\"https:\\\/\\\/wydiane-khaoua.com\\\/#\\\/schema\\\/logo\\\/image\\\/\",\"url\":\"https:\\\/\\\/wydiane-khaoua.com\\\/wp-content\\\/uploads\\\/2023\\\/09\\\/wydiane-khaoua-favicon.png\",\"contentUrl\":\"https:\\\/\\\/wydiane-khaoua.com\\\/wp-content\\\/uploads\\\/2023\\\/09\\\/wydiane-khaoua-favicon.png\",\"width\":256,\"height\":256,\"caption\":\"wydiane-khaoua.com\"},\"image\":{\"@id\":\"https:\\\/\\\/wydiane-khaoua.com\\\/#\\\/schema\\\/logo\\\/image\\\/\"}}]}<\/script>\n<!-- \/ Yoast SEO plugin. -->","yoast_head_json":{"title":"Consultation b\u00e9b\u00e9, enfant ou ados: th\u00e8me astral & pierres de naissance","description":"Je propose une consultation d'analyse de personnalit\u00e9 de votre enfant entre 0 et 16 ans \u00e0 distance gr\u00e2ce \u00e0 ses pierres de naissance et \u00e0 son th\u00e8me astral.","robots":{"index":"index","follow":"follow","max-snippet":"max-snippet:-1","max-image-preview":"max-image-preview:large","max-video-preview":"max-video-preview:-1"},"canonical":"https:\/\/wydiane-khaoua.com\/index.php\/produit\/consultation-enfant\/","og_locale":"fr_FR","og_type":"article","og_title":"Consultation b\u00e9b\u00e9, enfant ou ados: th\u00e8me astral & pierres de naissance","og_description":"Je propose une consultation d'analyse de personnalit\u00e9 de votre enfant entre 0 et 16 ans \u00e0 distance gr\u00e2ce \u00e0 ses pierres de naissance et \u00e0 son th\u00e8me astral.","og_url":"https:\/\/wydiane-khaoua.com\/index.php\/produit\/consultation-enfant\/","og_site_name":"wydiane-khaoua.com","article_modified_time":"2026-04-28T08:45:28+00:00","og_image":[{"width":1707,"height":2560,"url":"https:\/\/wydiane-khaoua.com\/wp-content\/uploads\/2024\/09\/monica-gozalo-EcJhLyUQt2I-unsplash-scaled.jpg","type":"image\/jpeg"}],"twitter_card":"summary_large_image","twitter_misc":{"Dur\u00e9e de lecture estim\u00e9e":"3 minutes"},"schema":{"@context":"https:\/\/schema.org","@graph":[{"@type":"WebPage","@id":"https:\/\/wydiane-khaoua.com\/index.php\/produit\/consultation-enfant\/","url":"https:\/\/wydiane-khaoua.com\/index.php\/produit\/consultation-enfant\/","name":"Consultation b\u00e9b\u00e9, enfant ou ados: th\u00e8me astral & pierres de naissance","isPartOf":{"@id":"https:\/\/wydiane-khaoua.com\/#website"},"primaryImageOfPage":{"@id":"https:\/\/wydiane-khaoua.com\/index.php\/produit\/consultation-enfant\/#primaryimage"},"image":{"@id":"https:\/\/wydiane-khaoua.com\/index.php\/produit\/consultation-enfant\/#primaryimage"},"thumbnailUrl":"https:\/\/wydiane-khaoua.com\/wp-content\/uploads\/2024\/09\/monica-gozalo-EcJhLyUQt2I-unsplash-scaled.jpg","datePublished":"2024-09-09T14:46:34+00:00","dateModified":"2026-04-28T08:45:28+00:00","description":"Je propose une consultation d'analyse de personnalit\u00e9 de votre enfant entre 0 et 16 ans \u00e0 distance gr\u00e2ce \u00e0 ses pierres de naissance et \u00e0 son th\u00e8me astral.","breadcrumb":{"@id":"https:\/\/wydiane-khaoua.com\/index.php\/produit\/consultation-enfant\/#breadcrumb"},"inLanguage":"fr-FR","potentialAction":[{"@type":"ReadAction","target":["https:\/\/wydiane-khaoua.com\/index.php\/produit\/consultation-enfant\/"]}]},{"@type":"ImageObject","inLanguage":"fr-FR","@id":"https:\/\/wydiane-khaoua.com\/index.php\/produit\/consultation-enfant\/#primaryimage","url":"https:\/\/wydiane-khaoua.com\/wp-content\/uploads\/2024\/09\/monica-gozalo-EcJhLyUQt2I-unsplash-scaled.jpg","contentUrl":"https:\/\/wydiane-khaoua.com\/wp-content\/uploads\/2024\/09\/monica-gozalo-EcJhLyUQt2I-unsplash-scaled.jpg","width":1707,"height":2560,"caption":"analyse de personnalit\u00e9 pour enfant, accompagnement pour les enfants, \u00e9ducation positive"},{"@type":"BreadcrumbList","@id":"https:\/\/wydiane-khaoua.com\/index.php\/produit\/consultation-enfant\/#breadcrumb","itemListElement":[{"@type":"ListItem","position":1,"name":"Accueil","item":"https:\/\/wydiane-khaoua.com\/"},{"@type":"ListItem","position":2,"name":"Mes Services","item":"https:\/\/wydiane-khaoua.com\/index.php\/boutique-wydiane-services-livres-bien-etre\/"},{"@type":"ListItem","position":3,"name":"Consultation enfant ou ado 0-16 ans (1h)"}]},{"@type":"WebSite","@id":"https:\/\/wydiane-khaoua.com\/#website","url":"https:\/\/wydiane-khaoua.com\/","name":"wydiane-khaoua.com","description":"","publisher":{"@id":"https:\/\/wydiane-khaoua.com\/#organization"},"potentialAction":[{"@type":"SearchAction","target":{"@type":"EntryPoint","urlTemplate":"https:\/\/wydiane-khaoua.com\/?s={search_term_string}"},"query-input":{"@type":"PropertyValueSpecification","valueRequired":true,"valueName":"search_term_string"}}],"inLanguage":"fr-FR"},{"@type":"Organization","@id":"https:\/\/wydiane-khaoua.com\/#organization","name":"wydiane-khaoua.com","url":"https:\/\/wydiane-khaoua.com\/","logo":{"@type":"ImageObject","inLanguage":"fr-FR","@id":"https:\/\/wydiane-khaoua.com\/#\/schema\/logo\/image\/","url":"https:\/\/wydiane-khaoua.com\/wp-content\/uploads\/2023\/09\/wydiane-khaoua-favicon.png","contentUrl":"https:\/\/wydiane-khaoua.com\/wp-content\/uploads\/2023\/09\/wydiane-khaoua-favicon.png","width":256,"height":256,"caption":"wydiane-khaoua.com"},"image":{"@id":"https:\/\/wydiane-khaoua.com\/#\/schema\/logo\/image\/"}}]}},"_links":{"self":[{"href":"https:\/\/wydiane-khaoua.com\/index.php\/wp-json\/wp\/v2\/product\/3064","targetHints":{"allow":["GET"]}}],"collection":[{"href":"https:\/\/wydiane-khaoua.com\/index.php\/wp-json\/wp\/v2\/product"}],"about":[{"href":"https:\/\/wydiane-khaoua.com\/index.php\/wp-json\/wp\/v2\/types\/product"}],"wp:featuredmedia":[{"embeddable":true,"href":"https:\/\/wydiane-khaoua.com\/index.php\/wp-json\/wp\/v2\/media\/3066"}],"wp:attachment":[{"href":"https:\/\/wydiane-khaoua.com\/index.php\/wp-json\/wp\/v2\/media?parent=3064"}],"wp:term":[{"taxonomy":"product_brand","embeddable":true,"href":"https:\/\/wydiane-khaoua.com\/index.php\/wp-json\/wp\/v2\/product_brand?post=3064"},{"taxonomy":"product_cat","embeddable":true,"href":"https:\/\/wydiane-khaoua.com\/index.php\/wp-json\/wp\/v2\/product_cat?post=3064"},{"taxonomy":"product_tag","embeddable":true,"href":"https:\/\/wydiane-khaoua.com\/index.php\/wp-json\/wp\/v2\/product_tag?post=3064"}],"curies":[{"name":"wp","href":"https:\/\/api.w.org\/{rel}","templated":true}]}}