{"id":4444,"date":"2025-04-07T10:11:26","date_gmt":"2025-04-07T08:11:26","guid":{"rendered":"https:\/\/wydiane-khaoua.com\/?post_type=product&#038;p=4444"},"modified":"2026-01-09T09:51:43","modified_gmt":"2026-01-09T08:51:43","slug":"formation-individuelle-pour-les-pros-sur-mesure","status":"publish","type":"product","link":"https:\/\/wydiane-khaoua.com\/index.php\/produit\/formation-individuelle-pour-les-pros-sur-mesure\/","title":{"rendered":"Formation astrologie ou lithoth\u00e9rapie"},"content":{"rendered":"<div class=\"elementor-element elementor-element-5410da0b elementor-widget elementor-widget-heading\" data-id=\"5410da0b\" data-element_type=\"widget\" data-widget_type=\"heading.default\">\n<div class=\"elementor-widget-container\">\n<div class=\"elementor-element elementor-element-5410da0b elementor-widget elementor-widget-heading\" data-id=\"5410da0b\" data-element_type=\"widget\" data-widget_type=\"heading.default\">\n<div class=\"elementor-widget-container\"><span style=\"font-family: -apple-system, BlinkMacSystemFont, 'Segoe UI', Roboto, 'Helvetica Neue', Arial, 'Noto Sans', sans-serif, 'Apple Color Emoji', 'Segoe UI Emoji', 'Segoe UI Symbol', 'Noto Color Emoji';\">Je propose plusieurs types de formations individuelles SUR-MESURE autour de mes 4 sujets d&#8217;expertise et de pr\u00e9dilection que je pratique depuis pr\u00e8s de 15 ans \u00e0 temps plein, en sachant que vous n&#8217;avez besoin d&#8217;aucunes connaissances particuli\u00e8res pour acc\u00e9der \u00e0 mes formations, les purs d\u00e9butants comme les personnes averties ou d\u00e9j\u00e0 passionn\u00e9es ont leur place ici \ud83d\ude42<\/span><\/div>\n<div><\/div>\n<div>1 &#8211; l&#8217;astrologie personnelle: comprendre les bases de l&#8217;astrologie &amp; apprendre \u00e0 lire un th\u00e8me astral<\/div>\n<div>2 &#8211; l&#8217;astrologie relationnelle: apprendre \u00e0 analyser les dynamiques humaines &amp; le timing de l&#8217;amour<\/div>\n<div>3 &#8211; la num\u00e9rologie min\u00e9rale: apprendre le langage des pierres de naissance &amp; savoir lire un th\u00e8me min\u00e9ral<\/div>\n<div>4 &#8211; la lithoth\u00e9rapie d&#8217;aujourd&#8217;hui: comprendre et pratiquer l&#8217;utilisation des pierres pour le bien-\u00eatre<\/div>\n<\/div>\n<\/div>\n<\/div>\n<div><\/div>\n<div class=\"elementor-element elementor-element-5410da0b elementor-widget elementor-widget-heading\" data-id=\"5410da0b\" data-element_type=\"widget\" data-widget_type=\"heading.default\">\n<div class=\"elementor-widget-container\">\n<div class=\"elementor-element elementor-element-5410da0b elementor-widget elementor-widget-heading\" data-id=\"5410da0b\" data-element_type=\"widget\" data-widget_type=\"heading.default\">\n<div class=\"elementor-widget-container\"><span style=\"font-family: -apple-system, BlinkMacSystemFont, 'Segoe UI', Roboto, 'Helvetica Neue', Arial, 'Noto Sans', sans-serif, 'Apple Color Emoji', 'Segoe UI Emoji', 'Segoe UI Symbol', 'Noto Color Emoji';\">J&#8217;adapte le contenu, le mode et la temporalit\u00e9 de transmission \u00e0 chaque \u00e9leve pour permettre un enseigement sur-mesure \u00e0 100%, que vous acc\u00e9diez aux infos dont vous avez excatement besoin, qui r\u00e9pondent \u00e0 vos aspirations d&#8217;apprentissage et qui seront utiles pour vos projets, mais aussi pour que l&#8217;espace de formation ne soit pas une contrainte pour vous.<\/span><\/div>\n<div><\/div>\n<div class=\"elementor-widget-container\"><span style=\"font-family: -apple-system, BlinkMacSystemFont, 'Segoe UI', Roboto, 'Helvetica Neue', Arial, 'Noto Sans', sans-serif, 'Apple Color Emoji', 'Segoe UI Emoji', 'Segoe UI Symbol', 'Noto Color Emoji';\">Mon objectif est de vous donner des cl\u00e9s de connaissances pour int\u00e9grer les connaissances qui vous attirent parmi les 4 domaines que je ma\u00eetrise dans votre pratique th\u00e9rapeutique ou professionnelle, ou simplement pour plonger au coeur de ces domaines pour en conna\u00eetre les tenants et aboutissants \u00e0 titre personnel.<\/span><\/div>\n<\/div>\n<div>\n<div><\/div>\n<div class=\"elementor-widget-container\"><span style=\"font-family: -apple-system, BlinkMacSystemFont, 'Segoe UI', Roboto, 'Helvetica Neue', Arial, 'Noto Sans', sans-serif, 'Apple Color Emoji', 'Segoe UI Emoji', 'Segoe UI Symbol', 'Noto Color Emoji';\">N&#8217;h\u00e9sitez pas \u00e0 me contacter pour dessiner ensemble votre programme de formation selon vos besoins, votre projet et vos envies, tout en garantissant une acquisition de connaissance pour que vous puissiez \u00eatre compl\u00e8tement \u00e0 l&#8217;aise pour la suite de votre aventure! Mon but est d&#8217;<\/span><span style=\"font-family: -apple-system, BlinkMacSystemFont, 'Segoe UI', Roboto, 'Helvetica Neue', Arial, 'Noto Sans', sans-serif, 'Apple Color Emoji', 'Segoe UI Emoji', 'Segoe UI Symbol', 'Noto Color Emoji';\">\u00e9tablir un projet ensemble personnalis\u00e9 \u00e0 100%. Toutes mes formations peuvent se r\u00e9alisent principalement \u00e0 distance, mais du pr\u00e9sentiel partiel ou complet est tout \u00e0 fait possible sur demande.<\/span><\/div>\n<div><\/div>\n<div class=\"elementor-widget-container\"><span style=\"font-family: -apple-system, BlinkMacSystemFont, 'Segoe UI', Roboto, 'Helvetica Neue', Arial, 'Noto Sans', sans-serif, 'Apple Color Emoji', 'Segoe UI Emoji', 'Segoe UI Symbol', 'Noto Color Emoji';\">Et c&#8217;est une fois votre besoin clarifi\u00e9 que je serai \u00e0 m\u00eame d&#8217;\u00e9valuer le format adapt\u00e9 afin que je vous envoie un programme et devis personnalis\u00e9.\u00a0<\/span><\/div>\n<\/div>\n<\/div>\n<\/div>\n<div><\/div>\n<p>&nbsp;<\/p>\n","protected":false},"excerpt":{"rendered":"<div class=\"elementor-element elementor-element-5410da0b elementor-widget elementor-widget-heading\" data-id=\"5410da0b\" data-element_type=\"widget\" data-widget_type=\"heading.default\">\n<div class=\"elementor-widget-container\">\n<div class=\"elementor-element elementor-element-5410da0b elementor-widget elementor-widget-heading\" data-id=\"5410da0b\" data-element_type=\"widget\" data-widget_type=\"heading.default\">\n<div class=\"elementor-widget-container\"><span style=\"font-family: -apple-system, BlinkMacSystemFont, 'Segoe UI', Roboto, 'Helvetica Neue', Arial, 'Noto Sans', sans-serif, 'Apple Color Emoji', 'Segoe UI Emoji', 'Segoe UI Symbol', 'Noto Color Emoji';\">Je propose plusieurs types de formations individuelles autour de mes 4 sujets d&#8217;expertise et de pr\u00e9dilection que je pratique depuis pr\u00e8s de 15 ans \u00e0 temps plein, en sachant que vous n&#8217;avez besoin d&#8217;aucune connaissance particuli\u00e8re pour acc\u00e9der \u00e0 mes formations, les purs d\u00e9butants comme les personnes averties ou d\u00e9j\u00e0 passionn\u00e9es ont leur place ici \ud83d\ude42<\/span><\/div>\n<div><\/div>\n<div>1 &#8211; l&#8217;astrologie personnelle: comprendre les bases de l&#8217;astrologie &amp; apprendre \u00e0 lire un th\u00e8me astral<\/div>\n<div>2 &#8211; l&#8217;astrologie relationnelle: apprendre \u00e0 analyser les dynamiques humaines &amp; le timing de l&#8217;amour<\/div>\n<div>3 &#8211; la num\u00e9rologie min\u00e9rale: apprendre le langage des pierres de naissance &amp; savoir lire un th\u00e8me min\u00e9ral<\/div>\n<div>4 &#8211; la lithoth\u00e9rapie d&#8217;aujourd&#8217;hui: comprendre et pratiquer l&#8217;utilisation des pierres pour le bien-\u00eatre<\/div>\n<\/div>\n<\/div>\n<\/div>\n<div><\/div>\n<div class=\"elementor-element elementor-element-5410da0b elementor-widget elementor-widget-heading\" data-id=\"5410da0b\" data-element_type=\"widget\" data-widget_type=\"heading.default\">\n<div class=\"elementor-widget-container\">\n<div class=\"elementor-element elementor-element-5410da0b elementor-widget elementor-widget-heading\" data-id=\"5410da0b\" data-element_type=\"widget\" data-widget_type=\"heading.default\">\n<div class=\"elementor-widget-container\"><span style=\"font-family: -apple-system, BlinkMacSystemFont, 'Segoe UI', Roboto, 'Helvetica Neue', Arial, 'Noto Sans', sans-serif, 'Apple Color Emoji', 'Segoe UI Emoji', 'Segoe UI Symbol', 'Noto Color Emoji';\">J&#8217;adapte le contenu, le mode et la temporalit\u00e9 de transmission \u00e0 chaque \u00e9leve pour permettre un enseigement SUR-MESURE \u00e0 100%, que vous acc\u00e9diez aux infos dont vous avez excatement besoin, qui r\u00e9pondent \u00e0 vos aspiration d&#8217;apprentissage et qui seront utiles pour vos projets, mais aussi pour que l&#8217;espace de formation ne soit pas une contrainte pour vous.<\/span><\/div>\n<div><\/div>\n<div class=\"elementor-widget-container\"><span style=\"font-family: -apple-system, BlinkMacSystemFont, 'Segoe UI', Roboto, 'Helvetica Neue', Arial, 'Noto Sans', sans-serif, 'Apple Color Emoji', 'Segoe UI Emoji', 'Segoe UI Symbol', 'Noto Color Emoji';\">Mon objectif est de vous donner des cl\u00e9s de connaissances pour int\u00e9grer les connaissances qui vous attirent parmi les 4 domaines que je ma\u00eetrise dans votre pratique th\u00e9rapeutique ou professionnelle, ou simplement pour plonger au coeur de ces domaines pour en conna\u00eetre les tenants et aboutissants \u00e0 titre personnel.<\/span><\/div>\n<\/div>\n<div>\n<div><\/div>\n<div class=\"elementor-widget-container\"><span style=\"font-family: -apple-system, BlinkMacSystemFont, 'Segoe UI', Roboto, 'Helvetica Neue', Arial, 'Noto Sans', sans-serif, 'Apple Color Emoji', 'Segoe UI Emoji', 'Segoe UI Symbol', 'Noto Color Emoji';\">N&#8217;h\u00e9sitez pas \u00e0 me contacter pour dessiner ensemble votre programme de formation selon vos besoins, votre projet et vos envies, tout en garantissant une acquisition de connaissance pour que vous puissiez \u00eatre compl\u00e8tement \u00e0 l&#8217;aise pour la suite de votre aventure! Mon but est d&#8217;<\/span><span style=\"font-family: -apple-system, BlinkMacSystemFont, 'Segoe UI', Roboto, 'Helvetica Neue', Arial, 'Noto Sans', sans-serif, 'Apple Color Emoji', 'Segoe UI Emoji', 'Segoe UI Symbol', 'Noto Color Emoji';\">\u00e9tablir un projet ensemble personnalis\u00e9 \u00e0 100%. <\/span><\/div>\n<div><\/div>\n<div class=\"elementor-widget-container\"><span style=\"font-family: -apple-system, BlinkMacSystemFont, 'Segoe UI', Roboto, 'Helvetica Neue', Arial, 'Noto Sans', sans-serif, 'Apple Color Emoji', 'Segoe UI Emoji', 'Segoe UI Symbol', 'Noto Color Emoji';\">Et c&#8217;est une fois votre besoin clarifi\u00e9 que je serai \u00e0 m\u00eame d&#8217;\u00e9valuer le format adapt\u00e9 afin que je vous envoie un programme et devis personnalis\u00e9.<\/span><\/div>\n<\/div>\n<\/div>\n<\/div>\n","protected":false},"featured_media":5588,"template":"","meta":{"_monsterinsights_skip_tracking":false,"_monsterinsights_sitenote_active":false,"_monsterinsights_sitenote_note":"","_monsterinsights_sitenote_category":0},"product_brand":[],"product_cat":[39],"product_tag":[],"class_list":{"0":"post-4444","1":"product","2":"type-product","3":"status-publish","4":"has-post-thumbnail","6":"product_cat-formations","8":"first","9":"instock","10":"featured","11":"shipping-taxable","12":"product-type-external"},"yoast_head":"<!-- This site is optimized with the Yoast SEO plugin v27.6 - https:\/\/yoast.com\/product\/yoast-seo-wordpress\/ -->\n<title>Formation Astrologie : apprendre l&#039;astrologie d\u00e9butant (+ pierres)<\/title>\n<meta name=\"description\" content=\"L&#039;objectif de cette formation en astrologie ou en lithoth\u00e9rapie \/ pierres de naissance est d&#039;acqu\u00e9rir les bases essentielles, ou de se perfectionner.\" \/>\n<meta name=\"robots\" content=\"index, follow, max-snippet:-1, max-image-preview:large, max-video-preview:-1\" \/>\n<link rel=\"canonical\" href=\"https:\/\/wydiane-khaoua.com\/index.php\/produit\/formation-individuelle-pour-les-pros-sur-mesure\/\" \/>\n<meta property=\"og:locale\" content=\"fr_FR\" \/>\n<meta property=\"og:type\" content=\"article\" \/>\n<meta property=\"og:title\" content=\"Formation Astrologie : apprendre l&#039;astrologie d\u00e9butant (+ pierres)\" \/>\n<meta property=\"og:description\" content=\"L&#039;objectif de cette formation en astrologie ou en lithoth\u00e9rapie \/ pierres de naissance est d&#039;acqu\u00e9rir les bases essentielles, ou de se perfectionner.\" \/>\n<meta property=\"og:url\" content=\"https:\/\/wydiane-khaoua.com\/index.php\/produit\/formation-individuelle-pour-les-pros-sur-mesure\/\" \/>\n<meta property=\"og:site_name\" content=\"wydiane-khaoua.com\" \/>\n<meta property=\"article:modified_time\" content=\"2026-01-09T08:51:43+00:00\" \/>\n<meta property=\"og:image\" content=\"https:\/\/wydiane-khaoua.com\/wp-content\/uploads\/2025\/04\/marissa-grootes-zv5QSKaP8G8-unsplash-scaled.jpg\" \/>\n\t<meta property=\"og:image:width\" content=\"1696\" \/>\n\t<meta property=\"og:image:height\" content=\"2560\" \/>\n\t<meta property=\"og:image:type\" content=\"image\/jpeg\" \/>\n<meta name=\"twitter:card\" content=\"summary_large_image\" \/>\n<meta name=\"twitter:label1\" content=\"Dur\u00e9e de lecture estim\u00e9e\" \/>\n\t<meta name=\"twitter:data1\" content=\"2 minutes\" \/>\n<script type=\"application\/ld+json\" class=\"yoast-schema-graph\">{\"@context\":\"https:\\\/\\\/schema.org\",\"@graph\":[{\"@type\":\"WebPage\",\"@id\":\"https:\\\/\\\/wydiane-khaoua.com\\\/index.php\\\/produit\\\/formation-individuelle-pour-les-pros-sur-mesure\\\/\",\"url\":\"https:\\\/\\\/wydiane-khaoua.com\\\/index.php\\\/produit\\\/formation-individuelle-pour-les-pros-sur-mesure\\\/\",\"name\":\"Formation Astrologie : apprendre l'astrologie d\u00e9butant (+ pierres)\",\"isPartOf\":{\"@id\":\"https:\\\/\\\/wydiane-khaoua.com\\\/#website\"},\"primaryImageOfPage\":{\"@id\":\"https:\\\/\\\/wydiane-khaoua.com\\\/index.php\\\/produit\\\/formation-individuelle-pour-les-pros-sur-mesure\\\/#primaryimage\"},\"image\":{\"@id\":\"https:\\\/\\\/wydiane-khaoua.com\\\/index.php\\\/produit\\\/formation-individuelle-pour-les-pros-sur-mesure\\\/#primaryimage\"},\"thumbnailUrl\":\"https:\\\/\\\/wydiane-khaoua.com\\\/wp-content\\\/uploads\\\/2025\\\/04\\\/marissa-grootes-zv5QSKaP8G8-unsplash-scaled.jpg\",\"datePublished\":\"2025-04-07T08:11:26+00:00\",\"dateModified\":\"2026-01-09T08:51:43+00:00\",\"description\":\"L'objectif de cette formation en astrologie ou en lithoth\u00e9rapie \\\/ pierres de naissance est d'acqu\u00e9rir les bases essentielles, ou de se perfectionner.\",\"breadcrumb\":{\"@id\":\"https:\\\/\\\/wydiane-khaoua.com\\\/index.php\\\/produit\\\/formation-individuelle-pour-les-pros-sur-mesure\\\/#breadcrumb\"},\"inLanguage\":\"fr-FR\",\"potentialAction\":[{\"@type\":\"ReadAction\",\"target\":[\"https:\\\/\\\/wydiane-khaoua.com\\\/index.php\\\/produit\\\/formation-individuelle-pour-les-pros-sur-mesure\\\/\"]}]},{\"@type\":\"ImageObject\",\"inLanguage\":\"fr-FR\",\"@id\":\"https:\\\/\\\/wydiane-khaoua.com\\\/index.php\\\/produit\\\/formation-individuelle-pour-les-pros-sur-mesure\\\/#primaryimage\",\"url\":\"https:\\\/\\\/wydiane-khaoua.com\\\/wp-content\\\/uploads\\\/2025\\\/04\\\/marissa-grootes-zv5QSKaP8G8-unsplash-scaled.jpg\",\"contentUrl\":\"https:\\\/\\\/wydiane-khaoua.com\\\/wp-content\\\/uploads\\\/2025\\\/04\\\/marissa-grootes-zv5QSKaP8G8-unsplash-scaled.jpg\",\"width\":1696,\"height\":2560,\"caption\":\"formation astrologie personnelle, formation th\u00e8me astral, apprendre astrologie, formation astrologie d\u00e9butants, formation d\u00e9veloppement personnel, formation en lithoth\u00e9rapie, formation lithoth\u00e9rapie pierres de naissance, apprendre lithoth\u00e9rapie, Signification pierres de naissance, formation en lithoth\u00e9rapie, formation lithoth\u00e9rapie pierres de naissance, apprendre lithoth\u00e9rapie, formation d\u00e9veloppement personnel, connaitre pierres de naissance, calcul pierres de naissance\"},{\"@type\":\"BreadcrumbList\",\"@id\":\"https:\\\/\\\/wydiane-khaoua.com\\\/index.php\\\/produit\\\/formation-individuelle-pour-les-pros-sur-mesure\\\/#breadcrumb\",\"itemListElement\":[{\"@type\":\"ListItem\",\"position\":1,\"name\":\"Accueil\",\"item\":\"https:\\\/\\\/wydiane-khaoua.com\\\/\"},{\"@type\":\"ListItem\",\"position\":2,\"name\":\"Mes Services\",\"item\":\"https:\\\/\\\/wydiane-khaoua.com\\\/index.php\\\/boutique-wydiane-services-livres-bien-etre\\\/\"},{\"@type\":\"ListItem\",\"position\":3,\"name\":\"Formation astrologie ou lithoth\u00e9rapie\"}]},{\"@type\":\"WebSite\",\"@id\":\"https:\\\/\\\/wydiane-khaoua.com\\\/#website\",\"url\":\"https:\\\/\\\/wydiane-khaoua.com\\\/\",\"name\":\"wydiane-khaoua.com\",\"description\":\"\",\"publisher\":{\"@id\":\"https:\\\/\\\/wydiane-khaoua.com\\\/#organization\"},\"potentialAction\":[{\"@type\":\"SearchAction\",\"target\":{\"@type\":\"EntryPoint\",\"urlTemplate\":\"https:\\\/\\\/wydiane-khaoua.com\\\/?s={search_term_string}\"},\"query-input\":{\"@type\":\"PropertyValueSpecification\",\"valueRequired\":true,\"valueName\":\"search_term_string\"}}],\"inLanguage\":\"fr-FR\"},{\"@type\":\"Organization\",\"@id\":\"https:\\\/\\\/wydiane-khaoua.com\\\/#organization\",\"name\":\"wydiane-khaoua.com\",\"url\":\"https:\\\/\\\/wydiane-khaoua.com\\\/\",\"logo\":{\"@type\":\"ImageObject\",\"inLanguage\":\"fr-FR\",\"@id\":\"https:\\\/\\\/wydiane-khaoua.com\\\/#\\\/schema\\\/logo\\\/image\\\/\",\"url\":\"https:\\\/\\\/wydiane-khaoua.com\\\/wp-content\\\/uploads\\\/2023\\\/09\\\/wydiane-khaoua-favicon.png\",\"contentUrl\":\"https:\\\/\\\/wydiane-khaoua.com\\\/wp-content\\\/uploads\\\/2023\\\/09\\\/wydiane-khaoua-favicon.png\",\"width\":256,\"height\":256,\"caption\":\"wydiane-khaoua.com\"},\"image\":{\"@id\":\"https:\\\/\\\/wydiane-khaoua.com\\\/#\\\/schema\\\/logo\\\/image\\\/\"}}]}<\/script>\n<!-- \/ Yoast SEO plugin. -->","yoast_head_json":{"title":"Formation Astrologie : apprendre l'astrologie d\u00e9butant (+ pierres)","description":"L'objectif de cette formation en astrologie ou en lithoth\u00e9rapie \/ pierres de naissance est d'acqu\u00e9rir les bases essentielles, ou de se perfectionner.","robots":{"index":"index","follow":"follow","max-snippet":"max-snippet:-1","max-image-preview":"max-image-preview:large","max-video-preview":"max-video-preview:-1"},"canonical":"https:\/\/wydiane-khaoua.com\/index.php\/produit\/formation-individuelle-pour-les-pros-sur-mesure\/","og_locale":"fr_FR","og_type":"article","og_title":"Formation Astrologie : apprendre l'astrologie d\u00e9butant (+ pierres)","og_description":"L'objectif de cette formation en astrologie ou en lithoth\u00e9rapie \/ pierres de naissance est d'acqu\u00e9rir les bases essentielles, ou de se perfectionner.","og_url":"https:\/\/wydiane-khaoua.com\/index.php\/produit\/formation-individuelle-pour-les-pros-sur-mesure\/","og_site_name":"wydiane-khaoua.com","article_modified_time":"2026-01-09T08:51:43+00:00","og_image":[{"width":1696,"height":2560,"url":"https:\/\/wydiane-khaoua.com\/wp-content\/uploads\/2025\/04\/marissa-grootes-zv5QSKaP8G8-unsplash-scaled.jpg","type":"image\/jpeg"}],"twitter_card":"summary_large_image","twitter_misc":{"Dur\u00e9e de lecture estim\u00e9e":"2 minutes"},"schema":{"@context":"https:\/\/schema.org","@graph":[{"@type":"WebPage","@id":"https:\/\/wydiane-khaoua.com\/index.php\/produit\/formation-individuelle-pour-les-pros-sur-mesure\/","url":"https:\/\/wydiane-khaoua.com\/index.php\/produit\/formation-individuelle-pour-les-pros-sur-mesure\/","name":"Formation Astrologie : apprendre l'astrologie d\u00e9butant (+ pierres)","isPartOf":{"@id":"https:\/\/wydiane-khaoua.com\/#website"},"primaryImageOfPage":{"@id":"https:\/\/wydiane-khaoua.com\/index.php\/produit\/formation-individuelle-pour-les-pros-sur-mesure\/#primaryimage"},"image":{"@id":"https:\/\/wydiane-khaoua.com\/index.php\/produit\/formation-individuelle-pour-les-pros-sur-mesure\/#primaryimage"},"thumbnailUrl":"https:\/\/wydiane-khaoua.com\/wp-content\/uploads\/2025\/04\/marissa-grootes-zv5QSKaP8G8-unsplash-scaled.jpg","datePublished":"2025-04-07T08:11:26+00:00","dateModified":"2026-01-09T08:51:43+00:00","description":"L'objectif de cette formation en astrologie ou en lithoth\u00e9rapie \/ pierres de naissance est d'acqu\u00e9rir les bases essentielles, ou de se perfectionner.","breadcrumb":{"@id":"https:\/\/wydiane-khaoua.com\/index.php\/produit\/formation-individuelle-pour-les-pros-sur-mesure\/#breadcrumb"},"inLanguage":"fr-FR","potentialAction":[{"@type":"ReadAction","target":["https:\/\/wydiane-khaoua.com\/index.php\/produit\/formation-individuelle-pour-les-pros-sur-mesure\/"]}]},{"@type":"ImageObject","inLanguage":"fr-FR","@id":"https:\/\/wydiane-khaoua.com\/index.php\/produit\/formation-individuelle-pour-les-pros-sur-mesure\/#primaryimage","url":"https:\/\/wydiane-khaoua.com\/wp-content\/uploads\/2025\/04\/marissa-grootes-zv5QSKaP8G8-unsplash-scaled.jpg","contentUrl":"https:\/\/wydiane-khaoua.com\/wp-content\/uploads\/2025\/04\/marissa-grootes-zv5QSKaP8G8-unsplash-scaled.jpg","width":1696,"height":2560,"caption":"formation astrologie personnelle, formation th\u00e8me astral, apprendre astrologie, formation astrologie d\u00e9butants, formation d\u00e9veloppement personnel, formation en lithoth\u00e9rapie, formation lithoth\u00e9rapie pierres de naissance, apprendre lithoth\u00e9rapie, Signification pierres de naissance, formation en lithoth\u00e9rapie, formation lithoth\u00e9rapie pierres de naissance, apprendre lithoth\u00e9rapie, formation d\u00e9veloppement personnel, connaitre pierres de naissance, calcul pierres de naissance"},{"@type":"BreadcrumbList","@id":"https:\/\/wydiane-khaoua.com\/index.php\/produit\/formation-individuelle-pour-les-pros-sur-mesure\/#breadcrumb","itemListElement":[{"@type":"ListItem","position":1,"name":"Accueil","item":"https:\/\/wydiane-khaoua.com\/"},{"@type":"ListItem","position":2,"name":"Mes Services","item":"https:\/\/wydiane-khaoua.com\/index.php\/boutique-wydiane-services-livres-bien-etre\/"},{"@type":"ListItem","position":3,"name":"Formation astrologie ou lithoth\u00e9rapie"}]},{"@type":"WebSite","@id":"https:\/\/wydiane-khaoua.com\/#website","url":"https:\/\/wydiane-khaoua.com\/","name":"wydiane-khaoua.com","description":"","publisher":{"@id":"https:\/\/wydiane-khaoua.com\/#organization"},"potentialAction":[{"@type":"SearchAction","target":{"@type":"EntryPoint","urlTemplate":"https:\/\/wydiane-khaoua.com\/?s={search_term_string}"},"query-input":{"@type":"PropertyValueSpecification","valueRequired":true,"valueName":"search_term_string"}}],"inLanguage":"fr-FR"},{"@type":"Organization","@id":"https:\/\/wydiane-khaoua.com\/#organization","name":"wydiane-khaoua.com","url":"https:\/\/wydiane-khaoua.com\/","logo":{"@type":"ImageObject","inLanguage":"fr-FR","@id":"https:\/\/wydiane-khaoua.com\/#\/schema\/logo\/image\/","url":"https:\/\/wydiane-khaoua.com\/wp-content\/uploads\/2023\/09\/wydiane-khaoua-favicon.png","contentUrl":"https:\/\/wydiane-khaoua.com\/wp-content\/uploads\/2023\/09\/wydiane-khaoua-favicon.png","width":256,"height":256,"caption":"wydiane-khaoua.com"},"image":{"@id":"https:\/\/wydiane-khaoua.com\/#\/schema\/logo\/image\/"}}]}},"_links":{"self":[{"href":"https:\/\/wydiane-khaoua.com\/index.php\/wp-json\/wp\/v2\/product\/4444","targetHints":{"allow":["GET"]}}],"collection":[{"href":"https:\/\/wydiane-khaoua.com\/index.php\/wp-json\/wp\/v2\/product"}],"about":[{"href":"https:\/\/wydiane-khaoua.com\/index.php\/wp-json\/wp\/v2\/types\/product"}],"wp:featuredmedia":[{"embeddable":true,"href":"https:\/\/wydiane-khaoua.com\/index.php\/wp-json\/wp\/v2\/media\/5588"}],"wp:attachment":[{"href":"https:\/\/wydiane-khaoua.com\/index.php\/wp-json\/wp\/v2\/media?parent=4444"}],"wp:term":[{"taxonomy":"product_brand","embeddable":true,"href":"https:\/\/wydiane-khaoua.com\/index.php\/wp-json\/wp\/v2\/product_brand?post=4444"},{"taxonomy":"product_cat","embeddable":true,"href":"https:\/\/wydiane-khaoua.com\/index.php\/wp-json\/wp\/v2\/product_cat?post=4444"},{"taxonomy":"product_tag","embeddable":true,"href":"https:\/\/wydiane-khaoua.com\/index.php\/wp-json\/wp\/v2\/product_tag?post=4444"}],"curies":[{"name":"wp","href":"https:\/\/api.w.org\/{rel}","templated":true}]}}