{"id":5559,"date":"2026-01-09T08:53:22","date_gmt":"2026-01-09T07:53:22","guid":{"rendered":"https:\/\/wydiane-khaoua.com\/?post_type=product&#038;p=5559"},"modified":"2026-01-10T12:54:16","modified_gmt":"2026-01-10T11:54:16","slug":"bilan-de-vie","status":"publish","type":"product","link":"https:\/\/wydiane-khaoua.com\/index.php\/produit\/bilan-de-vie\/","title":{"rendered":"Bilan de vie &#038; Guidance globale \u00e0 l&#8217;essentiel (2h)"},"content":{"rendered":"<p>Ce bilan de vie s&#8217;organise autour de l&#8217;exploration de diff\u00e9rentes techniques astrologiques et de vos pierres de naissance&#8230; Cette consultation comme une occasion d&#8217;approfondir vos recherches autour du d\u00e9veloppement personnel, professionnel, relationnel, ou spirituel.<\/p>\n<h3>Ce que vous pouvez attendre de ce bilan<\/h3>\n<ul>\n<li>Explorer votre th\u00e8me astral (technique occidentale et indienne) &#8211;\u00a0 + d&#8217;infos ci-dessous-<\/li>\n<li>Explorer la signification de vos 13 pierres de naissance &#8211;\u00a0 + d&#8217;infos ci-dessous-<\/li>\n<li>Aborder les diff\u00e9rentes th\u00e9matiques de votre vie: vie personnelle, vie relationnelle, vie professionnelle, lieu de vie, timing et influences actuelles&#8230;<\/li>\n<li>Acc\u00e9der \u00e0 un accompagnement sur mesure, adapt\u00e9 \u00e0 votre situation unique<\/li>\n<li>Analyser vos fonctionnements, vos challenges, votre potentiel, vos besoins et aspirations de vie<\/li>\n<li>Avoir un soutien ext\u00e9rieur lors d&#8217;une p\u00e9riode de bouleversement, de changement, ou de transformation<\/li>\n<li>D\u00e9samorcer des tensions personnelles pour vous lib\u00e9rer de blessures, peurs, doutes, ou autres freins<\/li>\n<li>Cr\u00e9er un espace d\u2019\u00e9coute, d&#8217;expression et de partage vers le chemin de l&#8217;harmonisation<\/li>\n<li>Avoir des cl\u00e9s pour acc\u00e9l\u00e9rer votre \u00e9volution et transformation personnelle<\/li>\n<li>Soutenir votre d\u00e9marche de d\u00e9veloppement personnel, relationnel ou spirituel.<\/li>\n<\/ul>\n<p>&nbsp;<\/p>\n<h3 class=\"p3\"><b>Vous d\u00e9couvrirez \u00e0 travers cette consultation des informations sur votre profil sur la base de ces \u00e9l\u00e9ments:<\/b><\/h3>\n<ul class=\"ul1\">\n<li class=\"li1\">Les placements et significations de vos 10 plan\u00e8tes de naissance dans les diff\u00e9rents signes du zodiaque et maisons astrologiques<\/li>\n<li class=\"li1\">Leur interactions \u00e0 travers l\u2019\u00e9tude des aspects astrologiques qu&#8217;elles forment entre-elles<\/li>\n<li class=\"li1\">Les points sp\u00e9cifiques de votre th\u00e8me comme l&#8217;ascendant, le descendant, le fond du ciel, le milieu du ciel, le noeud sud et le noeud nord.<\/li>\n<\/ul>\n<p>&nbsp;<\/p>\n<p class=\"p1\">Prendre connaissance des enseignements de votre th\u00e8me astral permet de comprendre comment manifester votre plein potentiel. Les messages de l&#8217;astrologie, aussi r\u00e9v\u00e9lateurs que lib\u00e9rateurs, vous invitent \u00e0 vous reconnaitre en profondeur, tel un miroir de conscience de soi.<\/p>\n<h3 class=\"p3\"><b>L\u2019interpr\u00e9tation de votre th\u00e8me astral apporte des cl\u00e9s de compr\u00e9hension et d&#8217;\u00e9panouissement personnel, notamment autour des questions suivantes:<\/b><\/h3>\n<ul class=\"ul1\">\n<li class=\"li1\">\u00c0 travers quelle \u00e9nergie puis-je rayonner?<\/li>\n<li class=\"li1\">Quel est mon mode d\u2019emploi \u00e9motionnel?<\/li>\n<li class=\"li1\">Quelles sont les particularit\u00e9s de ma communication et fa\u00e7on de penser?<\/li>\n<li class=\"li1\">Comment puis-je exprimer mon \u00e9nergie d\u2019action au quotidien?<\/li>\n<li class=\"li1\">Quelles sont mes valeurs fondamentales?<\/li>\n<li class=\"li1\">Comment comprendre et harmoniser mon rapport \u00e0 l&#8217;amour?<\/li>\n<li class=\"li1\">Comment manifester au mieux mes potentiels et talents?<\/li>\n<li class=\"li1\">Quels sont mes freins et challenges pour mieux les d\u00e9passer?<\/li>\n<li class=\"li1\">Comment identifier et mettre en lumi\u00e8re ma part d\u2019ombre?<\/li>\n<li class=\"li1\">Comment s\u2019exprime ma spiritualit\u00e9?<\/li>\n<li class=\"li1\">Comment s&#8217;exprime ma part de g\u00e9nie?<\/li>\n<li class=\"li1\">Quel est mon sens de vie ou ma mission v\u00e9ritable?<\/li>\n<li class=\"li1\">Quelles sont mes cl\u00e9s int\u00e9rieures pour vivre une vie \u00e9panouissante?<\/li>\n<\/ul>\n<h3><\/h3>\n<h3 class=\"p3\"><b>D\u00e9couvrez aussi quelles sont vos pierres de naissance ainsi que leur messages<\/b><\/h3>\n<p class=\"p1\">Durant cette consultation, je peux d\u00e9crypter votre profil gr\u00e2ce \u00e0 l&#8217;analyse des lignes majeures de vos pierres de naissance. En effet, le langage myst\u00e9rieux des pierres est un support d&#8217;analyse et d&#8217;intuition privil\u00e9gi\u00e9 pour mieux se comprendre. Vos pierres de naissance fondatrices ont une signification unique, et sont calcul\u00e9es sur la base de tous vos pr\u00e9noms, nom de famille et date de naissance.<\/p>\n<p class=\"p1\">Chacun a 13 pierres de naissance: pierre de base, pierre de sommet, pierre de chemin de vie, pierre d&#8217;expression, pierre de passage, pierre de r\u00e9alisation&#8230;). Les significations de vos pierres fondatrices r\u00e9v\u00e8lent diff\u00e9rentes facettes de votre univers int\u00e9rieur.<\/p>\n<p class=\"p1\">L\u2019analyse de vos pierres de naissance apporte donc un \u00e9clairage approfondi sur votre identit\u00e9 profonde. Je vous guiderai vers diff\u00e9rentes pistes de r\u00e9flexion personnelles. Ainsi, les messages de vos pierres de naissance permettent de mieux comprendre votre nature profonde. Mon objectif est de vous guider vers une meilleure conscience de vous-m\u00eame.<\/p>\n<h3 class=\"p3\"><b>L\u2019interpr\u00e9tation de vos pierres de naissance apporte des cl\u00e9s de compr\u00e9hension et d&#8217;\u00e9panouissement personnel, notamment autour des questions suivantes:<\/b><\/h3>\n<ul class=\"ul1\">\n<li class=\"li1\">Quels sont mes talents cach\u00e9s?<\/li>\n<li class=\"li1\">Quelles sont les particularit\u00e9s de mon profil?<\/li>\n<li class=\"li1\">Quels sont mes d\u00e9fis de vie conscients ou inconscients?<\/li>\n<li class=\"li1\">Quels sont les leviers \u00e0 ma disposition pour d\u00e9passer les challenges que je rencontre?<\/li>\n<li class=\"li1\">Quels sont mes potentiels v\u00e9ritables?<\/li>\n<li class=\"li1\">Comment exprimer mon \u201cvrai moi\u201d?<\/li>\n<li class=\"li1\">Quelles sont les blessures ou carapaces qui me freinent au quotidien?<\/li>\n<li class=\"li1\">Comment vivre en phase avec mes besoins?<\/li>\n<li class=\"li1\">Quelles sont mes aspirations profondes?<\/li>\n<li class=\"li1\">Quelles sont mes \u00e9nergies fondatrices int\u00e9rieures?<\/li>\n<li class=\"li1\">Quelles sont mes cl\u00e9s personnelles pour vivre une vie \u00e9panouissante?<\/li>\n<\/ul>\n<p>&nbsp;<\/p>\n<p class=\"p1\">Vos 13 pierres de naissance refl\u00e8tent votre personnalit\u00e9, votre fonctionnement quotidien, mais surtout, votre essence profonde. Que vous soyez simplement curieux, dans une d\u00e9marche de d\u00e9veloppement personnel, \u00e9motionnel, relationnel, mat\u00e9riel ou spirituel, cette consultation vous plongera au coeur de votre &#8220;m\u00e9canique int\u00e9rieure&#8221;.<\/p>\n<h3 class=\"p3\"><b>Pourquoi prendre connaissance de leur signification?<\/b><\/h3>\n<p class=\"p1\">Le but de cet outil de calcul et de son interpr\u00e9tation est d\u2019accompagner et d\u2019acc\u00e9l\u00e9rer toute d\u00e9marche de d\u00e9veloppement personnel, \u00e9motionnel, relationnel, mat\u00e9riel et spirituel en passant par la voie de la connaissance de soi, gr\u00e2ce au langage myst\u00e9rieux des pierres.<\/p>\n<p class=\"p1\">Les messages de vos pierres de naissance permettent d\u2019investiguer les myst\u00e8res de votre identit\u00e9 et de d\u00e9coder ses \u00e9nergies. Comprendre leur signification permet d\u2019identifier et de mettre en lumi\u00e8re certains m\u00e9canismes personnels propres \u00e0 votre profil afin de mieux vous en lib\u00e9rer.<\/p>\n<p class=\"p1\">D\u00e9crypter vos pierres de naissance est un v\u00e9ritable pas vers une meilleure conscience de soi et vers des r\u00e9ponses \u00e0 vos questions existentielles.<\/p>\n<p class=\"p1\">Avoir acc\u00e8s aux messages de vos pierres de naissance invite \u00e0 vous reconnaitre en profondeur, et \u00e0 acc\u00e9der \u00e0 un miroir pr\u00e9cieux de \u201cqui vous-\u00eates\u201d r\u00e9ellement, mais aussi \u00e0 d\u00e9velopper une meilleure conscience de vos multiples \u201cconstructions\u201d en r\u00e9action aux \u00e9v\u00e9nements de la vie (\u00e9ducation, croyances, culture, choc de vie, projections, mental, \u00e9go, peurs, rapport \u00e0 l\u2019autre, perception de soi\u2026) pour mieux vous en affranchir !<\/p>\n<h3 class=\"p3\"><b>Infos pour bien calculer ses pierres de naissance<\/b><\/h3>\n<p class=\"p1\">Le document de r\u00e9f\u00e9rence pour vos informations personnelles est l\u2019extrait de naissance.<\/p>\n<p class=\"p1\">Chaque trait d\u2019union, apostrophe, ou erreur d\u2019orthographe ou autre dans les pr\u00e9noms, nom ou date de naissance lors de la d\u00e9claration de votre naissance \u00e0 l\u2019\u00e9tat-civil doit \u00eatre pris en compte afin que les calculs soient justes, m\u00eame dans le cas o\u00f9 votre \u00e9tat civil a \u00e9t\u00e9 modifi\u00e9 tr\u00e8s t\u00f4t (dans le cadre d\u2019une adoption par exemple).<\/p>\n<p class=\"p1\">En cas de mariage, veuillez prendre en compte uniquement votre nom de famille de naissance.<\/p>\n<p class=\"p1\">Si votre cas particulier n\u2019est pas cit\u00e9 ci-avant, n\u2019h\u00e9sitez pas \u00e0 me contacter pour savoir quels sont vos \u00e9l\u00e9ments de base de calcul.<\/p>\n<h3>Mon approche concernant cette consultation de d\u00e9veloppement personnel ouverte<\/h3>\n<p>Je suis sp\u00e9cialis\u00e9e en lithoth\u00e9rapie et en astrologie, mais avant tout, passionn\u00e9e de la &#8220;m\u00e9canique humaine&#8221; avec ses richesses et ses complexit\u00e9s. Ayant accompagn\u00e9 des milliers de personnes en qu\u00eate de bien-\u00eatre, je sais m&#8217;affranchir des outils de lecture que j&#8217;utilise (pierres et astrologie) pour vous guider dans une dynamique th\u00e9rapeutique globale si telle est votre demande. Je consid\u00e8re l&#8217;harmonisation int\u00e9rieure comme un tout incluant les \u00e9quilibres de la vie personnelle, relationnelle comme spirituelle. Ainsi, nous naviguerons ensemble durant cette consultation en fonction de vos besoins, de vos actualit\u00e9s, et de vos envies afin d&#8217;accompagner votre parcours \u00e0 votre rythme.<\/p>\n<p>N&#8217;h\u00e9sitez pas \u00e0 me contacter si vous avez des questions, je suis l\u00e0 pour vous aider !<\/p>\n<h3 class=\"p1\">\u00c0 savoir concernant mon travail<\/h3>\n<p class=\"p1\">Je ne suis pas m\u00e9decin et je n&#8217;ai pas de comp\u00e9tences autour de la sant\u00e9. Les outils d\u2019analyse que j\u2019utilise sont des supports d\u2019intuition. Mes connaissances techniques sont aussi pr\u00e9cieuses que naturellement limit\u00e9es. En effet, j\u2019apprends tous les jours car je suis humaine et j\u2019\u00e9volue constamment comme tout un chacun. Il ne faut donc pas consid\u00e9rer mes conseils comme parole d\u2019\u00e9vangile, mais seulement y puiser les informations qui vous semblent justes et utiles pour votre cheminement. Il est sain de d\u00e9velopper votre libre arbitre, d\u2019interroger votre propre ressenti ainsi que votre esprit de discernement dans toute forme d&#8217;accompagnement. Prenez donc du recul face aux informations que vous lisez ou \u00e9coutez, m\u00eame si je suis profond\u00e9ment vigilante \u00e0 tout cela dans ma pratique.<\/p>\n<p>&nbsp;<\/p>\n","protected":false},"excerpt":{"rendered":"<p>Ce bilan de vie est ouvert \u00e0 toute personne qui a envie de b\u00e9n\u00e9ficier d\u2019un accompagnement ponctuel qui balaie tous les piliers de vie en allant \u00e0 l&#8217;essentiel. Je vous guide selon votre envie et besoin actuel. <span style=\"font-weight: 400;\">j&#8217;utilise mon savoir-faire en astrologie et num\u00e9rologie min\u00e9rale pour vous aider \u00e0 cheminer selon vos questionnements ou probl\u00e9matiques actuelles, ou simplement pour vous aider \u00e0 mieux comprendre votre profil, vos d\u00e9fis, vos talents, votre vocation, vos relations, vos blessures et vos aspirations!<\/span><\/p>\n<p>La dur\u00e9e de cette consultation est d&#8217;environ 2 heures. La consultation se fait par t\u00e9l\u00e9phone ou en visio-conf\u00e9rence au choix. Elle peut \u00e9galement s&#8217;organiser physiquement \u00e0 Paris sur demande (me contacter).<\/p>\n<p class=\"p1\">Vous retrouverez en bas de votre email de confirmation de commande les instructions n\u00e9c\u00e9ssaire pour mener \u00e0 bien notre RDV: un lien de planification du cr\u00e9neau et du format pour la consultation (acc\u00e8s \u00e0 mon calendrier de disponibilit\u00e9s pour r\u00e9server votre RDV directement en ligne + choix du mode de communication).<\/p>\n","protected":false},"featured_media":5560,"template":"","meta":{"_monsterinsights_skip_tracking":false,"_monsterinsights_sitenote_active":false,"_monsterinsights_sitenote_note":"","_monsterinsights_sitenote_category":0},"product_brand":[],"product_cat":[20],"product_tag":[],"class_list":{"0":"post-5559","1":"product","2":"type-product","3":"status-publish","4":"has-post-thumbnail","6":"product_cat-consultations","8":"first","9":"instock","10":"featured","11":"virtual","12":"purchasable","13":"product-type-simple"},"yoast_head":"<!-- This site is optimized with the Yoast SEO plugin v27.3 - https:\/\/yoast.com\/product\/yoast-seo-wordpress\/ -->\n<title>Bilan de vie sur mesure : guidance astrologique adapt\u00e9e \u00e0 vous<\/title>\n<meta name=\"description\" content=\"Je propose un bilan de vie et guidance pour toutes les personnes qui veulent avoir mes \u00e9clairages astrologiques ou autour des pierres de naissance.\" \/>\n<meta name=\"robots\" content=\"index, follow, max-snippet:-1, max-image-preview:large, max-video-preview:-1\" \/>\n<link rel=\"canonical\" href=\"https:\/\/wydiane-khaoua.com\/index.php\/produit\/bilan-de-vie\/\" \/>\n<meta property=\"og:locale\" content=\"fr_FR\" \/>\n<meta property=\"og:type\" content=\"article\" \/>\n<meta property=\"og:title\" content=\"Bilan de vie sur mesure : guidance astrologique adapt\u00e9e \u00e0 vous\" \/>\n<meta property=\"og:description\" content=\"Je propose un bilan de vie et guidance pour toutes les personnes qui veulent avoir mes \u00e9clairages astrologiques ou autour des pierres de naissance.\" \/>\n<meta property=\"og:url\" content=\"https:\/\/wydiane-khaoua.com\/index.php\/produit\/bilan-de-vie\/\" \/>\n<meta property=\"og:site_name\" content=\"wydiane-khaoua.com\" \/>\n<meta property=\"article:modified_time\" content=\"2026-01-10T11:54:16+00:00\" \/>\n<meta property=\"og:image\" content=\"https:\/\/wydiane-khaoua.com\/wp-content\/uploads\/2026\/01\/heidi-fin-e78WkahhlCM-unsplash-scaled.jpg\" \/>\n\t<meta property=\"og:image:width\" content=\"2048\" \/>\n\t<meta property=\"og:image:height\" content=\"2560\" \/>\n\t<meta property=\"og:image:type\" content=\"image\/jpeg\" \/>\n<meta name=\"twitter:card\" content=\"summary_large_image\" \/>\n<meta name=\"twitter:label1\" content=\"Dur\u00e9e de lecture estim\u00e9e\" \/>\n\t<meta name=\"twitter:data1\" content=\"7 minutes\" \/>\n<script type=\"application\/ld+json\" class=\"yoast-schema-graph\">{\"@context\":\"https:\\\/\\\/schema.org\",\"@graph\":[{\"@type\":\"WebPage\",\"@id\":\"https:\\\/\\\/wydiane-khaoua.com\\\/index.php\\\/produit\\\/bilan-de-vie\\\/\",\"url\":\"https:\\\/\\\/wydiane-khaoua.com\\\/index.php\\\/produit\\\/bilan-de-vie\\\/\",\"name\":\"Bilan de vie sur mesure : guidance astrologique adapt\u00e9e \u00e0 vous\",\"isPartOf\":{\"@id\":\"https:\\\/\\\/wydiane-khaoua.com\\\/#website\"},\"primaryImageOfPage\":{\"@id\":\"https:\\\/\\\/wydiane-khaoua.com\\\/index.php\\\/produit\\\/bilan-de-vie\\\/#primaryimage\"},\"image\":{\"@id\":\"https:\\\/\\\/wydiane-khaoua.com\\\/index.php\\\/produit\\\/bilan-de-vie\\\/#primaryimage\"},\"thumbnailUrl\":\"https:\\\/\\\/wydiane-khaoua.com\\\/wp-content\\\/uploads\\\/2026\\\/01\\\/heidi-fin-e78WkahhlCM-unsplash-scaled.jpg\",\"datePublished\":\"2026-01-09T07:53:22+00:00\",\"dateModified\":\"2026-01-10T11:54:16+00:00\",\"description\":\"Je propose un bilan de vie et guidance pour toutes les personnes qui veulent avoir mes \u00e9clairages astrologiques ou autour des pierres de naissance.\",\"breadcrumb\":{\"@id\":\"https:\\\/\\\/wydiane-khaoua.com\\\/index.php\\\/produit\\\/bilan-de-vie\\\/#breadcrumb\"},\"inLanguage\":\"fr-FR\",\"potentialAction\":[{\"@type\":\"ReadAction\",\"target\":[\"https:\\\/\\\/wydiane-khaoua.com\\\/index.php\\\/produit\\\/bilan-de-vie\\\/\"]}]},{\"@type\":\"ImageObject\",\"inLanguage\":\"fr-FR\",\"@id\":\"https:\\\/\\\/wydiane-khaoua.com\\\/index.php\\\/produit\\\/bilan-de-vie\\\/#primaryimage\",\"url\":\"https:\\\/\\\/wydiane-khaoua.com\\\/wp-content\\\/uploads\\\/2026\\\/01\\\/heidi-fin-e78WkahhlCM-unsplash-scaled.jpg\",\"contentUrl\":\"https:\\\/\\\/wydiane-khaoua.com\\\/wp-content\\\/uploads\\\/2026\\\/01\\\/heidi-fin-e78WkahhlCM-unsplash-scaled.jpg\",\"width\":2048,\"height\":2560,\"caption\":\"bilan de vie, guidance, wydiane khaoua\"},{\"@type\":\"BreadcrumbList\",\"@id\":\"https:\\\/\\\/wydiane-khaoua.com\\\/index.php\\\/produit\\\/bilan-de-vie\\\/#breadcrumb\",\"itemListElement\":[{\"@type\":\"ListItem\",\"position\":1,\"name\":\"Accueil\",\"item\":\"https:\\\/\\\/wydiane-khaoua.com\\\/\"},{\"@type\":\"ListItem\",\"position\":2,\"name\":\"Mes Services\",\"item\":\"https:\\\/\\\/wydiane-khaoua.com\\\/index.php\\\/boutique-wydiane-services-livres-bien-etre\\\/\"},{\"@type\":\"ListItem\",\"position\":3,\"name\":\"Bilan de vie &#038; Guidance globale \u00e0 l&#8217;essentiel (2h)\"}]},{\"@type\":\"WebSite\",\"@id\":\"https:\\\/\\\/wydiane-khaoua.com\\\/#website\",\"url\":\"https:\\\/\\\/wydiane-khaoua.com\\\/\",\"name\":\"wydiane-khaoua.com\",\"description\":\"\",\"publisher\":{\"@id\":\"https:\\\/\\\/wydiane-khaoua.com\\\/#organization\"},\"potentialAction\":[{\"@type\":\"SearchAction\",\"target\":{\"@type\":\"EntryPoint\",\"urlTemplate\":\"https:\\\/\\\/wydiane-khaoua.com\\\/?s={search_term_string}\"},\"query-input\":{\"@type\":\"PropertyValueSpecification\",\"valueRequired\":true,\"valueName\":\"search_term_string\"}}],\"inLanguage\":\"fr-FR\"},{\"@type\":\"Organization\",\"@id\":\"https:\\\/\\\/wydiane-khaoua.com\\\/#organization\",\"name\":\"wydiane-khaoua.com\",\"url\":\"https:\\\/\\\/wydiane-khaoua.com\\\/\",\"logo\":{\"@type\":\"ImageObject\",\"inLanguage\":\"fr-FR\",\"@id\":\"https:\\\/\\\/wydiane-khaoua.com\\\/#\\\/schema\\\/logo\\\/image\\\/\",\"url\":\"https:\\\/\\\/wydiane-khaoua.com\\\/wp-content\\\/uploads\\\/2023\\\/09\\\/wydiane-khaoua-favicon.png\",\"contentUrl\":\"https:\\\/\\\/wydiane-khaoua.com\\\/wp-content\\\/uploads\\\/2023\\\/09\\\/wydiane-khaoua-favicon.png\",\"width\":256,\"height\":256,\"caption\":\"wydiane-khaoua.com\"},\"image\":{\"@id\":\"https:\\\/\\\/wydiane-khaoua.com\\\/#\\\/schema\\\/logo\\\/image\\\/\"}}]}<\/script>\n<!-- \/ Yoast SEO plugin. -->","yoast_head_json":{"title":"Bilan de vie sur mesure : guidance astrologique adapt\u00e9e \u00e0 vous","description":"Je propose un bilan de vie et guidance pour toutes les personnes qui veulent avoir mes \u00e9clairages astrologiques ou autour des pierres de naissance.","robots":{"index":"index","follow":"follow","max-snippet":"max-snippet:-1","max-image-preview":"max-image-preview:large","max-video-preview":"max-video-preview:-1"},"canonical":"https:\/\/wydiane-khaoua.com\/index.php\/produit\/bilan-de-vie\/","og_locale":"fr_FR","og_type":"article","og_title":"Bilan de vie sur mesure : guidance astrologique adapt\u00e9e \u00e0 vous","og_description":"Je propose un bilan de vie et guidance pour toutes les personnes qui veulent avoir mes \u00e9clairages astrologiques ou autour des pierres de naissance.","og_url":"https:\/\/wydiane-khaoua.com\/index.php\/produit\/bilan-de-vie\/","og_site_name":"wydiane-khaoua.com","article_modified_time":"2026-01-10T11:54:16+00:00","og_image":[{"width":2048,"height":2560,"url":"https:\/\/wydiane-khaoua.com\/wp-content\/uploads\/2026\/01\/heidi-fin-e78WkahhlCM-unsplash-scaled.jpg","type":"image\/jpeg"}],"twitter_card":"summary_large_image","twitter_misc":{"Dur\u00e9e de lecture estim\u00e9e":"7 minutes"},"schema":{"@context":"https:\/\/schema.org","@graph":[{"@type":"WebPage","@id":"https:\/\/wydiane-khaoua.com\/index.php\/produit\/bilan-de-vie\/","url":"https:\/\/wydiane-khaoua.com\/index.php\/produit\/bilan-de-vie\/","name":"Bilan de vie sur mesure : guidance astrologique adapt\u00e9e \u00e0 vous","isPartOf":{"@id":"https:\/\/wydiane-khaoua.com\/#website"},"primaryImageOfPage":{"@id":"https:\/\/wydiane-khaoua.com\/index.php\/produit\/bilan-de-vie\/#primaryimage"},"image":{"@id":"https:\/\/wydiane-khaoua.com\/index.php\/produit\/bilan-de-vie\/#primaryimage"},"thumbnailUrl":"https:\/\/wydiane-khaoua.com\/wp-content\/uploads\/2026\/01\/heidi-fin-e78WkahhlCM-unsplash-scaled.jpg","datePublished":"2026-01-09T07:53:22+00:00","dateModified":"2026-01-10T11:54:16+00:00","description":"Je propose un bilan de vie et guidance pour toutes les personnes qui veulent avoir mes \u00e9clairages astrologiques ou autour des pierres de naissance.","breadcrumb":{"@id":"https:\/\/wydiane-khaoua.com\/index.php\/produit\/bilan-de-vie\/#breadcrumb"},"inLanguage":"fr-FR","potentialAction":[{"@type":"ReadAction","target":["https:\/\/wydiane-khaoua.com\/index.php\/produit\/bilan-de-vie\/"]}]},{"@type":"ImageObject","inLanguage":"fr-FR","@id":"https:\/\/wydiane-khaoua.com\/index.php\/produit\/bilan-de-vie\/#primaryimage","url":"https:\/\/wydiane-khaoua.com\/wp-content\/uploads\/2026\/01\/heidi-fin-e78WkahhlCM-unsplash-scaled.jpg","contentUrl":"https:\/\/wydiane-khaoua.com\/wp-content\/uploads\/2026\/01\/heidi-fin-e78WkahhlCM-unsplash-scaled.jpg","width":2048,"height":2560,"caption":"bilan de vie, guidance, wydiane khaoua"},{"@type":"BreadcrumbList","@id":"https:\/\/wydiane-khaoua.com\/index.php\/produit\/bilan-de-vie\/#breadcrumb","itemListElement":[{"@type":"ListItem","position":1,"name":"Accueil","item":"https:\/\/wydiane-khaoua.com\/"},{"@type":"ListItem","position":2,"name":"Mes Services","item":"https:\/\/wydiane-khaoua.com\/index.php\/boutique-wydiane-services-livres-bien-etre\/"},{"@type":"ListItem","position":3,"name":"Bilan de vie &#038; Guidance globale \u00e0 l&#8217;essentiel (2h)"}]},{"@type":"WebSite","@id":"https:\/\/wydiane-khaoua.com\/#website","url":"https:\/\/wydiane-khaoua.com\/","name":"wydiane-khaoua.com","description":"","publisher":{"@id":"https:\/\/wydiane-khaoua.com\/#organization"},"potentialAction":[{"@type":"SearchAction","target":{"@type":"EntryPoint","urlTemplate":"https:\/\/wydiane-khaoua.com\/?s={search_term_string}"},"query-input":{"@type":"PropertyValueSpecification","valueRequired":true,"valueName":"search_term_string"}}],"inLanguage":"fr-FR"},{"@type":"Organization","@id":"https:\/\/wydiane-khaoua.com\/#organization","name":"wydiane-khaoua.com","url":"https:\/\/wydiane-khaoua.com\/","logo":{"@type":"ImageObject","inLanguage":"fr-FR","@id":"https:\/\/wydiane-khaoua.com\/#\/schema\/logo\/image\/","url":"https:\/\/wydiane-khaoua.com\/wp-content\/uploads\/2023\/09\/wydiane-khaoua-favicon.png","contentUrl":"https:\/\/wydiane-khaoua.com\/wp-content\/uploads\/2023\/09\/wydiane-khaoua-favicon.png","width":256,"height":256,"caption":"wydiane-khaoua.com"},"image":{"@id":"https:\/\/wydiane-khaoua.com\/#\/schema\/logo\/image\/"}}]}},"_links":{"self":[{"href":"https:\/\/wydiane-khaoua.com\/index.php\/wp-json\/wp\/v2\/product\/5559","targetHints":{"allow":["GET"]}}],"collection":[{"href":"https:\/\/wydiane-khaoua.com\/index.php\/wp-json\/wp\/v2\/product"}],"about":[{"href":"https:\/\/wydiane-khaoua.com\/index.php\/wp-json\/wp\/v2\/types\/product"}],"wp:featuredmedia":[{"embeddable":true,"href":"https:\/\/wydiane-khaoua.com\/index.php\/wp-json\/wp\/v2\/media\/5560"}],"wp:attachment":[{"href":"https:\/\/wydiane-khaoua.com\/index.php\/wp-json\/wp\/v2\/media?parent=5559"}],"wp:term":[{"taxonomy":"product_brand","embeddable":true,"href":"https:\/\/wydiane-khaoua.com\/index.php\/wp-json\/wp\/v2\/product_brand?post=5559"},{"taxonomy":"product_cat","embeddable":true,"href":"https:\/\/wydiane-khaoua.com\/index.php\/wp-json\/wp\/v2\/product_cat?post=5559"},{"taxonomy":"product_tag","embeddable":true,"href":"https:\/\/wydiane-khaoua.com\/index.php\/wp-json\/wp\/v2\/product_tag?post=5559"}],"curies":[{"name":"wp","href":"https:\/\/api.w.org\/{rel}","templated":true}]}}