{"id":71,"date":"2022-10-18T00:35:51","date_gmt":"2022-10-17T22:35:51","guid":{"rendered":"https:\/\/wydiane-khaoua.com\/index.php\/produit\/lot-de-6-bagues\/"},"modified":"2026-01-10T12:54:33","modified_gmt":"2026-01-10T11:54:33","slug":"theme-astral-consultation-analyse-astrologique-personnelle","status":"publish","type":"product","link":"https:\/\/wydiane-khaoua.com\/index.php\/produit\/theme-astral-consultation-analyse-astrologique-personnelle\/","title":{"rendered":"Lecture Th\u00e8me Astral (40mn)"},"content":{"rendered":"<p class=\"p1\">Durant cette consultation, je d\u00e9crypte l&#8217;essentiel de votre profil gr\u00e2ce \u00e0 l&#8217;analyse de votre th\u00e8me astral. En effet, le langage myst\u00e9rieux de l&#8217;astrologie est un support d&#8217;analyse et d&#8217;intuition privil\u00e9gi\u00e9 pour mieux se comprendre.<\/p>\n<h3 class=\"p1\">Vous d\u00e9couvrirez \u00e0 travers cette consultation th\u00e8me astral des informations sur votre profil sur la base de ces \u00e9l\u00e9ments:<\/h3>\n<ul>\n<li class=\"p1\">Les placements et significations de vos 10 plan\u00e8tes de naissance dans les diff\u00e9rents signes du zodiaque et maisons astrologiques<\/li>\n<li class=\"p1\">Leur interactions \u00e0 travers l\u2019\u00e9tude des aspects astrologiques qu&#8217;elles forment entre-elles<\/li>\n<li class=\"p1\">Les points sp\u00e9cifiques de votre th\u00e8me comme l&#8217;ascendant, le descendant, le fond du ciel, le milieu du ciel, le noeud sud et le noeud nord.<\/li>\n<\/ul>\n<p>&nbsp;<\/p>\n<p>Prendre connaissance des enseignements de votre th\u00e8me astral permet de comprendre comment manifester votre plein potentiel. Les messages de l&#8217;astrologie, aussi r\u00e9v\u00e9lateurs que lib\u00e9rateurs, vous invitent \u00e0 vous reconnaitre en profondeur, tel un miroir de conscience de soi.<\/p>\n<h3 class=\"p1\">L\u2019interpr\u00e9tation de votre th\u00e8me astral apporte des cl\u00e9s de compr\u00e9hension et d&#8217;\u00e9panouissement personnel, notamment autour des questions suivantes:<\/h3>\n<ul>\n<li class=\"li1\">\u00c0 travers quelle \u00e9nergie puis-je rayonner?<\/li>\n<li class=\"li1\">Quel est mon mode d\u2019emploi \u00e9motionnel?<\/li>\n<li class=\"li1\">Quelles sont les particularit\u00e9s de ma communication et fa\u00e7on de penser?<\/li>\n<li class=\"li1\">Comment puis-je exprimer mon \u00e9nergie d\u2019action au quotidien?<\/li>\n<li class=\"li1\">Quelles sont mes valeurs fondamentales?<\/li>\n<li class=\"li1\">Comment comprendre et harmoniser mon rapport \u00e0 l&#8217;amour?<\/li>\n<li class=\"li1\">Comment manifester au mieux mes potentiels et talents?<\/li>\n<li class=\"li1\">Quels sont mes freins et challenges pour mieux les d\u00e9passer?<\/li>\n<li class=\"li1\">Comment identifier et mettre en lumi\u00e8re ma part d\u2019ombre?<\/li>\n<li class=\"li1\">Comment s\u2019exprime ma spiritualit\u00e9?<\/li>\n<li class=\"li1\">Comment s&#8217;exprime ma part de g\u00e9nie?<\/li>\n<li class=\"li1\">Quel est mon sens de vie ou ma mission v\u00e9ritable?<\/li>\n<li class=\"li1\">Quelles sont mes cl\u00e9s int\u00e9rieures pour vivre une vie \u00e9panouissante?<\/li>\n<\/ul>\n<p>&nbsp;<\/p>\n<p>N\u2019h\u00e9sitez pas \u00e0 me contacter si vous avez des questions, je suis l\u00e0 pour vous aider !<\/p>\n<h3 class=\"p1\">\u00c0 savoir concernant mon approche<\/h3>\n<p class=\"p1\">Je ne suis pas m\u00e9decin et je n&#8217;ai pas de comp\u00e9tences autour de la sant\u00e9. Les outils d\u2019analyse que j\u2019utilise sont des supports d\u2019intuition. Mes connaissances techniques sont aussi pr\u00e9cieuses que naturellement limit\u00e9es. En effet, j\u2019apprends tous les jours car je suis humaine et j\u2019\u00e9volue constamment comme tout un chacun. Il ne faut donc pas consid\u00e9rer mes conseils comme parole d\u2019\u00e9vangile, mais seulement y puiser les informations qui vous semblent justes et utiles pour votre cheminement. Il est sain de d\u00e9velopper votre libre arbitre, d\u2019interroger votre propre ressenti ainsi que votre esprit de discernement dans toute forme d&#8217;accompagnement. Prenez donc du recul face aux informations que vous lisez ou \u00e9coutez, m\u00eame si je suis profond\u00e9ment vigilante \u00e0 tout cela dans ma pratique.<\/p>\n","protected":false},"excerpt":{"rendered":"<p class=\"p1\">Cette consultation est destin\u00e9e \u00e0 l\u2019interpr\u00e9tation des lignes majeures de votre th\u00e8me astral de naissance pour vous donner l&#8217;essentiel des cl\u00e9s que votre carte du ciel r\u00e9v\u00e8le. Retrouvez en description toutes les informations concernant cette consultation \u00e0 distance !<\/p>\n<p class=\"p1\">Je consacre \u00e0 notre RDV un temps de pr\u00e9paration pour calculer, mettre en forme et analyser votre th\u00e8me astral. Cela me permet de mieux vous accompagner le jour de la consultation. La dur\u00e9e de cette consultation est de 40mn. La consultation se fait par t\u00e9l\u00e9phone ou en visio-conf\u00e9rence au choix. Elle peut \u00e9galement s&#8217;organiser physiquement \u00e0 Paris sur demande (me contacter).<\/p>\n<p class=\"p1\">Vous retrouverez en bas de votre email de confirmation de commande les instructions n\u00e9c\u00e9ssaire pour mener \u00e0 bien notre RDV:<\/p>\n<p class=\"p1\">1\/ Un lien de planification du cr\u00e9neau et du format pour la consultation (acc\u00e8s \u00e0 mon calendrier de disponibilit\u00e9s pour r\u00e9server votre RDV directement en ligne + choix du mode de communication).<\/p>\n<p class=\"p1\">2\/ Dans le processus de r\u00e9servation en ligne, vous aurez un endroit pour m&#8217;indiquer vos informations personnelles. Elles sont n\u00e9cessaires pour calculer votre th\u00e8me astral.<\/p>\n","protected":false},"featured_media":826,"template":"","meta":{"_monsterinsights_skip_tracking":false,"_monsterinsights_sitenote_active":false,"_monsterinsights_sitenote_note":"","_monsterinsights_sitenote_category":0},"product_brand":[],"product_cat":[20],"product_tag":[],"class_list":{"0":"post-71","1":"product","2":"type-product","3":"status-publish","4":"has-post-thumbnail","6":"product_cat-consultations","8":"first","9":"instock","10":"virtual","11":"purchasable","12":"product-type-simple"},"yoast_head":"<!-- This site is optimized with the Yoast SEO plugin v27.6 - https:\/\/yoast.com\/product\/yoast-seo-wordpress\/ -->\n<title>Consultation Th\u00e8me Astral: calcul et analyse personnelle globale<\/title>\n<meta name=\"description\" content=\"Je propose une consultation th\u00e8me astral \u00e0 distance. Je d\u00e9crypte votre profil et personnalit\u00e9 gr\u00e2ce au calcul et l&#039;interpr\u00e9tation de votre th\u00e8me astral.\" \/>\n<meta name=\"robots\" content=\"index, follow, max-snippet:-1, max-image-preview:large, max-video-preview:-1\" \/>\n<link rel=\"canonical\" href=\"https:\/\/wydiane-khaoua.com\/index.php\/produit\/theme-astral-consultation-analyse-astrologique-personnelle\/\" \/>\n<meta property=\"og:locale\" content=\"fr_FR\" \/>\n<meta property=\"og:type\" content=\"article\" \/>\n<meta property=\"og:title\" content=\"Consultation Th\u00e8me Astral: calcul et analyse personnelle globale\" \/>\n<meta property=\"og:description\" content=\"Je propose une consultation th\u00e8me astral \u00e0 distance. Je d\u00e9crypte votre profil et personnalit\u00e9 gr\u00e2ce au calcul et l&#039;interpr\u00e9tation de votre th\u00e8me astral.\" \/>\n<meta property=\"og:url\" content=\"https:\/\/wydiane-khaoua.com\/index.php\/produit\/theme-astral-consultation-analyse-astrologique-personnelle\/\" \/>\n<meta property=\"og:site_name\" content=\"wydiane-khaoua.com\" \/>\n<meta property=\"article:modified_time\" content=\"2026-01-10T11:54:33+00:00\" \/>\n<meta property=\"og:image\" content=\"https:\/\/wydiane-khaoua.com\/wp-content\/uploads\/2023\/10\/consultation-astrologie-copie-2.jpeg\" \/>\n\t<meta property=\"og:image:width\" content=\"515\" \/>\n\t<meta property=\"og:image:height\" content=\"662\" \/>\n\t<meta property=\"og:image:type\" content=\"image\/jpeg\" \/>\n<meta name=\"twitter:card\" content=\"summary_large_image\" \/>\n<meta name=\"twitter:label1\" content=\"Dur\u00e9e de lecture estim\u00e9e\" \/>\n\t<meta name=\"twitter:data1\" content=\"3 minutes\" \/>\n<script type=\"application\/ld+json\" class=\"yoast-schema-graph\">{\"@context\":\"https:\\\/\\\/schema.org\",\"@graph\":[{\"@type\":\"WebPage\",\"@id\":\"https:\\\/\\\/wydiane-khaoua.com\\\/index.php\\\/produit\\\/theme-astral-consultation-analyse-astrologique-personnelle\\\/\",\"url\":\"https:\\\/\\\/wydiane-khaoua.com\\\/index.php\\\/produit\\\/theme-astral-consultation-analyse-astrologique-personnelle\\\/\",\"name\":\"Consultation Th\u00e8me Astral: calcul et analyse personnelle globale\",\"isPartOf\":{\"@id\":\"https:\\\/\\\/wydiane-khaoua.com\\\/#website\"},\"primaryImageOfPage\":{\"@id\":\"https:\\\/\\\/wydiane-khaoua.com\\\/index.php\\\/produit\\\/theme-astral-consultation-analyse-astrologique-personnelle\\\/#primaryimage\"},\"image\":{\"@id\":\"https:\\\/\\\/wydiane-khaoua.com\\\/index.php\\\/produit\\\/theme-astral-consultation-analyse-astrologique-personnelle\\\/#primaryimage\"},\"thumbnailUrl\":\"https:\\\/\\\/wydiane-khaoua.com\\\/wp-content\\\/uploads\\\/2023\\\/10\\\/consultation-astrologie-copie-2.jpeg\",\"datePublished\":\"2022-10-17T22:35:51+00:00\",\"dateModified\":\"2026-01-10T11:54:33+00:00\",\"description\":\"Je propose une consultation th\u00e8me astral \u00e0 distance. Je d\u00e9crypte votre profil et personnalit\u00e9 gr\u00e2ce au calcul et l'interpr\u00e9tation de votre th\u00e8me astral.\",\"breadcrumb\":{\"@id\":\"https:\\\/\\\/wydiane-khaoua.com\\\/index.php\\\/produit\\\/theme-astral-consultation-analyse-astrologique-personnelle\\\/#breadcrumb\"},\"inLanguage\":\"fr-FR\",\"potentialAction\":[{\"@type\":\"ReadAction\",\"target\":[\"https:\\\/\\\/wydiane-khaoua.com\\\/index.php\\\/produit\\\/theme-astral-consultation-analyse-astrologique-personnelle\\\/\"]}]},{\"@type\":\"ImageObject\",\"inLanguage\":\"fr-FR\",\"@id\":\"https:\\\/\\\/wydiane-khaoua.com\\\/index.php\\\/produit\\\/theme-astral-consultation-analyse-astrologique-personnelle\\\/#primaryimage\",\"url\":\"https:\\\/\\\/wydiane-khaoua.com\\\/wp-content\\\/uploads\\\/2023\\\/10\\\/consultation-astrologie-copie-2.jpeg\",\"contentUrl\":\"https:\\\/\\\/wydiane-khaoua.com\\\/wp-content\\\/uploads\\\/2023\\\/10\\\/consultation-astrologie-copie-2.jpeg\",\"width\":515,\"height\":662,\"caption\":\"th\u00e8me astral, comprendre le th\u00e8me astral, interpr\u00e9tation du th\u00e8me astral de naissance lecture th\u00e8me astral interpr\u00e9tation astrologique\"},{\"@type\":\"BreadcrumbList\",\"@id\":\"https:\\\/\\\/wydiane-khaoua.com\\\/index.php\\\/produit\\\/theme-astral-consultation-analyse-astrologique-personnelle\\\/#breadcrumb\",\"itemListElement\":[{\"@type\":\"ListItem\",\"position\":1,\"name\":\"Accueil\",\"item\":\"https:\\\/\\\/wydiane-khaoua.com\\\/\"},{\"@type\":\"ListItem\",\"position\":2,\"name\":\"Mes Services\",\"item\":\"https:\\\/\\\/wydiane-khaoua.com\\\/index.php\\\/boutique-wydiane-services-livres-bien-etre\\\/\"},{\"@type\":\"ListItem\",\"position\":3,\"name\":\"Lecture Th\u00e8me Astral (40mn)\"}]},{\"@type\":\"WebSite\",\"@id\":\"https:\\\/\\\/wydiane-khaoua.com\\\/#website\",\"url\":\"https:\\\/\\\/wydiane-khaoua.com\\\/\",\"name\":\"wydiane-khaoua.com\",\"description\":\"\",\"publisher\":{\"@id\":\"https:\\\/\\\/wydiane-khaoua.com\\\/#organization\"},\"potentialAction\":[{\"@type\":\"SearchAction\",\"target\":{\"@type\":\"EntryPoint\",\"urlTemplate\":\"https:\\\/\\\/wydiane-khaoua.com\\\/?s={search_term_string}\"},\"query-input\":{\"@type\":\"PropertyValueSpecification\",\"valueRequired\":true,\"valueName\":\"search_term_string\"}}],\"inLanguage\":\"fr-FR\"},{\"@type\":\"Organization\",\"@id\":\"https:\\\/\\\/wydiane-khaoua.com\\\/#organization\",\"name\":\"wydiane-khaoua.com\",\"url\":\"https:\\\/\\\/wydiane-khaoua.com\\\/\",\"logo\":{\"@type\":\"ImageObject\",\"inLanguage\":\"fr-FR\",\"@id\":\"https:\\\/\\\/wydiane-khaoua.com\\\/#\\\/schema\\\/logo\\\/image\\\/\",\"url\":\"https:\\\/\\\/wydiane-khaoua.com\\\/wp-content\\\/uploads\\\/2023\\\/09\\\/wydiane-khaoua-favicon.png\",\"contentUrl\":\"https:\\\/\\\/wydiane-khaoua.com\\\/wp-content\\\/uploads\\\/2023\\\/09\\\/wydiane-khaoua-favicon.png\",\"width\":256,\"height\":256,\"caption\":\"wydiane-khaoua.com\"},\"image\":{\"@id\":\"https:\\\/\\\/wydiane-khaoua.com\\\/#\\\/schema\\\/logo\\\/image\\\/\"}}]}<\/script>\n<!-- \/ Yoast SEO plugin. -->","yoast_head_json":{"title":"Consultation Th\u00e8me Astral: calcul et analyse personnelle globale","description":"Je propose une consultation th\u00e8me astral \u00e0 distance. Je d\u00e9crypte votre profil et personnalit\u00e9 gr\u00e2ce au calcul et l'interpr\u00e9tation de votre th\u00e8me astral.","robots":{"index":"index","follow":"follow","max-snippet":"max-snippet:-1","max-image-preview":"max-image-preview:large","max-video-preview":"max-video-preview:-1"},"canonical":"https:\/\/wydiane-khaoua.com\/index.php\/produit\/theme-astral-consultation-analyse-astrologique-personnelle\/","og_locale":"fr_FR","og_type":"article","og_title":"Consultation Th\u00e8me Astral: calcul et analyse personnelle globale","og_description":"Je propose une consultation th\u00e8me astral \u00e0 distance. Je d\u00e9crypte votre profil et personnalit\u00e9 gr\u00e2ce au calcul et l'interpr\u00e9tation de votre th\u00e8me astral.","og_url":"https:\/\/wydiane-khaoua.com\/index.php\/produit\/theme-astral-consultation-analyse-astrologique-personnelle\/","og_site_name":"wydiane-khaoua.com","article_modified_time":"2026-01-10T11:54:33+00:00","og_image":[{"width":515,"height":662,"url":"https:\/\/wydiane-khaoua.com\/wp-content\/uploads\/2023\/10\/consultation-astrologie-copie-2.jpeg","type":"image\/jpeg"}],"twitter_card":"summary_large_image","twitter_misc":{"Dur\u00e9e de lecture estim\u00e9e":"3 minutes"},"schema":{"@context":"https:\/\/schema.org","@graph":[{"@type":"WebPage","@id":"https:\/\/wydiane-khaoua.com\/index.php\/produit\/theme-astral-consultation-analyse-astrologique-personnelle\/","url":"https:\/\/wydiane-khaoua.com\/index.php\/produit\/theme-astral-consultation-analyse-astrologique-personnelle\/","name":"Consultation Th\u00e8me Astral: calcul et analyse personnelle globale","isPartOf":{"@id":"https:\/\/wydiane-khaoua.com\/#website"},"primaryImageOfPage":{"@id":"https:\/\/wydiane-khaoua.com\/index.php\/produit\/theme-astral-consultation-analyse-astrologique-personnelle\/#primaryimage"},"image":{"@id":"https:\/\/wydiane-khaoua.com\/index.php\/produit\/theme-astral-consultation-analyse-astrologique-personnelle\/#primaryimage"},"thumbnailUrl":"https:\/\/wydiane-khaoua.com\/wp-content\/uploads\/2023\/10\/consultation-astrologie-copie-2.jpeg","datePublished":"2022-10-17T22:35:51+00:00","dateModified":"2026-01-10T11:54:33+00:00","description":"Je propose une consultation th\u00e8me astral \u00e0 distance. Je d\u00e9crypte votre profil et personnalit\u00e9 gr\u00e2ce au calcul et l'interpr\u00e9tation de votre th\u00e8me astral.","breadcrumb":{"@id":"https:\/\/wydiane-khaoua.com\/index.php\/produit\/theme-astral-consultation-analyse-astrologique-personnelle\/#breadcrumb"},"inLanguage":"fr-FR","potentialAction":[{"@type":"ReadAction","target":["https:\/\/wydiane-khaoua.com\/index.php\/produit\/theme-astral-consultation-analyse-astrologique-personnelle\/"]}]},{"@type":"ImageObject","inLanguage":"fr-FR","@id":"https:\/\/wydiane-khaoua.com\/index.php\/produit\/theme-astral-consultation-analyse-astrologique-personnelle\/#primaryimage","url":"https:\/\/wydiane-khaoua.com\/wp-content\/uploads\/2023\/10\/consultation-astrologie-copie-2.jpeg","contentUrl":"https:\/\/wydiane-khaoua.com\/wp-content\/uploads\/2023\/10\/consultation-astrologie-copie-2.jpeg","width":515,"height":662,"caption":"th\u00e8me astral, comprendre le th\u00e8me astral, interpr\u00e9tation du th\u00e8me astral de naissance lecture th\u00e8me astral interpr\u00e9tation astrologique"},{"@type":"BreadcrumbList","@id":"https:\/\/wydiane-khaoua.com\/index.php\/produit\/theme-astral-consultation-analyse-astrologique-personnelle\/#breadcrumb","itemListElement":[{"@type":"ListItem","position":1,"name":"Accueil","item":"https:\/\/wydiane-khaoua.com\/"},{"@type":"ListItem","position":2,"name":"Mes Services","item":"https:\/\/wydiane-khaoua.com\/index.php\/boutique-wydiane-services-livres-bien-etre\/"},{"@type":"ListItem","position":3,"name":"Lecture Th\u00e8me Astral (40mn)"}]},{"@type":"WebSite","@id":"https:\/\/wydiane-khaoua.com\/#website","url":"https:\/\/wydiane-khaoua.com\/","name":"wydiane-khaoua.com","description":"","publisher":{"@id":"https:\/\/wydiane-khaoua.com\/#organization"},"potentialAction":[{"@type":"SearchAction","target":{"@type":"EntryPoint","urlTemplate":"https:\/\/wydiane-khaoua.com\/?s={search_term_string}"},"query-input":{"@type":"PropertyValueSpecification","valueRequired":true,"valueName":"search_term_string"}}],"inLanguage":"fr-FR"},{"@type":"Organization","@id":"https:\/\/wydiane-khaoua.com\/#organization","name":"wydiane-khaoua.com","url":"https:\/\/wydiane-khaoua.com\/","logo":{"@type":"ImageObject","inLanguage":"fr-FR","@id":"https:\/\/wydiane-khaoua.com\/#\/schema\/logo\/image\/","url":"https:\/\/wydiane-khaoua.com\/wp-content\/uploads\/2023\/09\/wydiane-khaoua-favicon.png","contentUrl":"https:\/\/wydiane-khaoua.com\/wp-content\/uploads\/2023\/09\/wydiane-khaoua-favicon.png","width":256,"height":256,"caption":"wydiane-khaoua.com"},"image":{"@id":"https:\/\/wydiane-khaoua.com\/#\/schema\/logo\/image\/"}}]}},"_links":{"self":[{"href":"https:\/\/wydiane-khaoua.com\/index.php\/wp-json\/wp\/v2\/product\/71","targetHints":{"allow":["GET"]}}],"collection":[{"href":"https:\/\/wydiane-khaoua.com\/index.php\/wp-json\/wp\/v2\/product"}],"about":[{"href":"https:\/\/wydiane-khaoua.com\/index.php\/wp-json\/wp\/v2\/types\/product"}],"wp:featuredmedia":[{"embeddable":true,"href":"https:\/\/wydiane-khaoua.com\/index.php\/wp-json\/wp\/v2\/media\/826"}],"wp:attachment":[{"href":"https:\/\/wydiane-khaoua.com\/index.php\/wp-json\/wp\/v2\/media?parent=71"}],"wp:term":[{"taxonomy":"product_brand","embeddable":true,"href":"https:\/\/wydiane-khaoua.com\/index.php\/wp-json\/wp\/v2\/product_brand?post=71"},{"taxonomy":"product_cat","embeddable":true,"href":"https:\/\/wydiane-khaoua.com\/index.php\/wp-json\/wp\/v2\/product_cat?post=71"},{"taxonomy":"product_tag","embeddable":true,"href":"https:\/\/wydiane-khaoua.com\/index.php\/wp-json\/wp\/v2\/product_tag?post=71"}],"curies":[{"name":"wp","href":"https:\/\/api.w.org\/{rel}","templated":true}]}}